{"id":722,"date":"2024-11-19T22:44:04","date_gmt":"2024-11-19T21:44:04","guid":{"rendered":"https:\/\/pts.dfirma.pl\/konakt\/"},"modified":"2026-03-06T14:28:57","modified_gmt":"2026-03-06T13:28:57","slug":"konakt","status":"publish","type":"page","link":"https:\/\/pts.dfirma.pl\/en\/konakt\/","title":{"rendered":"Contact"},"content":{"rendered":"\n<div class=\"wp-block-columns is-layout-flex wp-container-core-columns-is-layout-28f84493 wp-block-columns-is-layout-flex\">\n<div class=\"wp-block-column is-layout-flow wp-block-column-is-layout-flow\">\n<p>Your partner in electrical installations &#8211; contact us today and discover the world of high-quality electrical installation accessories.<\/p>\n\n\n\n<p>Plastics Processing Krzysztof Dudzic<\/p>\n\n\n\n<p>G\u0142uch\u00f3w 133<\/p>\n\n\n\n<p>\u0141a\u0144cut, 37-100<\/p>\n\n\n\n<p><a href=\"mailto:pts@pts-poland.pl\">pts@pts-poland.pl<\/a><\/p>\n\n\n\n<p><a href=\"tel:+48604262792\">+48 604 262 792<\/a><\/p>\n<\/div>\n\n\n\n<div class=\"wp-block-column is-layout-flow wp-block-column-is-layout-flow\">\n<div class=\"wp-block-contact-form-7-contact-form-selector\">\n<div class=\"wpcf7 no-js\" id=\"wpcf7-f730-o1\" lang=\"en-US\" dir=\"ltr\" data-wpcf7-id=\"730\">\n<div class=\"screen-reader-response\"><p role=\"status\" aria-live=\"polite\" aria-atomic=\"true\"><\/p> <ul><\/ul><\/div>\n<form action=\"\/en\/wp-json\/wp\/v2\/pages\/722#wpcf7-f730-o1\" method=\"post\" class=\"wpcf7-form init\" aria-label=\"Contact form\" novalidate=\"novalidate\" data-status=\"init\">\n<fieldset class=\"hidden-fields-container\"><input type=\"hidden\" name=\"_wpcf7\" value=\"730\" \/><input type=\"hidden\" name=\"_wpcf7_version\" value=\"6.1.5\" \/><input type=\"hidden\" name=\"_wpcf7_locale\" value=\"en_US\" \/><input type=\"hidden\" name=\"_wpcf7_unit_tag\" value=\"wpcf7-f730-o1\" \/><input type=\"hidden\" name=\"_wpcf7_container_post\" value=\"0\" \/><input type=\"hidden\" name=\"_wpcf7_posted_data_hash\" value=\"\" \/>\n<\/fieldset>\n<p><label> Your name and surname<br \/>\n<span class=\"wpcf7-form-control-wrap\" data-name=\"your-name\"><input size=\"40\" maxlength=\"400\" class=\"wpcf7-form-control wpcf7-text wpcf7-validates-as-required\" autocomplete=\"name\" aria-required=\"true\" aria-invalid=\"false\" value=\"\" type=\"text\" name=\"your-name\" \/><\/span> <\/label>\n<\/p>\n<p><label> Your email address<br \/>\n<span class=\"wpcf7-form-control-wrap\" data-name=\"your-email\"><input size=\"40\" maxlength=\"400\" class=\"wpcf7-form-control wpcf7-email wpcf7-validates-as-required wpcf7-text wpcf7-validates-as-email\" autocomplete=\"email\" aria-required=\"true\" aria-invalid=\"false\" value=\"\" type=\"email\" name=\"your-email\" \/><\/span> <\/label>\n<\/p>\n<p><label> Message subject<br \/>\n<span class=\"wpcf7-form-control-wrap\" data-name=\"your-subject\"><input size=\"40\" maxlength=\"400\" class=\"wpcf7-form-control wpcf7-text wpcf7-validates-as-required\" aria-required=\"true\" aria-invalid=\"false\" value=\"\" type=\"text\" name=\"your-subject\" \/><\/span> <\/label>\n<\/p>\n<p><label> Your message (optional)<br \/>\n<span class=\"wpcf7-form-control-wrap\" data-name=\"your-message\"><textarea cols=\"40\" rows=\"10\" maxlength=\"2000\" class=\"wpcf7-form-control wpcf7-textarea\" aria-invalid=\"false\" name=\"your-message\"><\/textarea><\/span> <\/label>\n<\/p>\n<p><input class=\"wpcf7-form-control wpcf7-submit has-spinner\" type=\"submit\" value=\"Send\" \/>\n<\/p><div class=\"wpcf7-response-output\" aria-hidden=\"true\"><\/div>\n<\/form>\n<\/div>\n<\/div>\n<\/div>\n<\/div>\n","protected":false},"excerpt":{"rendered":"<p>Your partner in electrical installations &#8211; contact us today and discover the world of high-quality electrical installation accessories. Plastics Processing Krzysztof Dudzic G\u0142uch\u00f3w 133 \u0141a\u0144cut, 37-100 pts@pts-poland.pl +48 604 262 792<\/p>\n","protected":false},"author":1,"featured_media":723,"parent":0,"menu_order":0,"comment_status":"closed","ping_status":"closed","template":"","meta":{"inline_featured_image":false,"footnotes":""},"class_list":["post-722","page","type-page","status-publish","has-post-thumbnail","hentry"],"yoast_head":"<!-- This site is optimized with the Yoast SEO plugin v27.2 - https:\/\/yoast.com\/product\/yoast-seo-wordpress\/ -->\n<title>Contact - Przetw\u00f3rstwo Tworzyw Sztucznych<\/title>\n<meta name=\"robots\" content=\"index, follow, max-snippet:-1, max-image-preview:large, max-video-preview:-1\" \/>\n<link rel=\"canonical\" href=\"https:\/\/pts.dfirma.pl\/en\/konakt\/\" \/>\n<meta property=\"og:locale\" content=\"en_US\" \/>\n<meta property=\"og:type\" content=\"article\" \/>\n<meta property=\"og:title\" content=\"Contact - Przetw\u00f3rstwo Tworzyw Sztucznych\" \/>\n<meta property=\"og:description\" content=\"Your partner in electrical installations &#8211; contact us today and discover the world of high-quality electrical installation accessories. Plastics Processing Krzysztof Dudzic G\u0142uch\u00f3w 133 \u0141a\u0144cut, 37-100 pts@pts-poland.pl +48 604 262 792\" \/>\n<meta property=\"og:url\" content=\"https:\/\/pts.dfirma.pl\/en\/konakt\/\" \/>\n<meta property=\"og:site_name\" content=\"Przetw\u00f3rstwo Tworzyw Sztucznych\" \/>\n<meta property=\"article:modified_time\" content=\"2026-03-06T13:28:57+00:00\" \/>\n<meta property=\"og:image\" content=\"https:\/\/pts.dfirma.pl\/wp-content\/uploads\/2025\/02\/pvc-pipe-extrusion-machine-line-e1739230513301.jpg\" \/>\n\t<meta property=\"og:image:width\" content=\"1000\" \/>\n\t<meta property=\"og:image:height\" content=\"382\" \/>\n\t<meta property=\"og:image:type\" content=\"image\/jpeg\" \/>\n<meta name=\"twitter:card\" content=\"summary_large_image\" \/>\n<script type=\"application\/ld+json\" class=\"yoast-schema-graph\">{\"@context\":\"https:\/\/schema.org\",\"@graph\":[{\"@type\":\"WebPage\",\"@id\":\"https:\/\/pts.dfirma.pl\/en\/konakt\/\",\"url\":\"https:\/\/pts.dfirma.pl\/en\/konakt\/\",\"name\":\"Contact - Przetw\u00f3rstwo Tworzyw Sztucznych\",\"isPartOf\":{\"@id\":\"https:\/\/pts.dfirma.pl\/#website\"},\"primaryImageOfPage\":{\"@id\":\"https:\/\/pts.dfirma.pl\/en\/konakt\/#primaryimage\"},\"image\":{\"@id\":\"https:\/\/pts.dfirma.pl\/en\/konakt\/#primaryimage\"},\"thumbnailUrl\":\"https:\/\/pts.dfirma.pl\/wp-content\/uploads\/2025\/02\/pvc-pipe-extrusion-machine-line-e1739230513301.jpg\",\"datePublished\":\"2024-11-19T21:44:04+00:00\",\"dateModified\":\"2026-03-06T13:28:57+00:00\",\"breadcrumb\":{\"@id\":\"https:\/\/pts.dfirma.pl\/en\/konakt\/#breadcrumb\"},\"inLanguage\":\"en-US\",\"potentialAction\":[{\"@type\":\"ReadAction\",\"target\":[\"https:\/\/pts.dfirma.pl\/en\/konakt\/\"]}]},{\"@type\":\"ImageObject\",\"inLanguage\":\"en-US\",\"@id\":\"https:\/\/pts.dfirma.pl\/en\/konakt\/#primaryimage\",\"url\":\"https:\/\/pts.dfirma.pl\/wp-content\/uploads\/2025\/02\/pvc-pipe-extrusion-machine-line-e1739230513301.jpg\",\"contentUrl\":\"https:\/\/pts.dfirma.pl\/wp-content\/uploads\/2025\/02\/pvc-pipe-extrusion-machine-line-e1739230513301.jpg\",\"width\":1000,\"height\":382},{\"@type\":\"BreadcrumbList\",\"@id\":\"https:\/\/pts.dfirma.pl\/en\/konakt\/#breadcrumb\",\"itemListElement\":[{\"@type\":\"ListItem\",\"position\":1,\"name\":\"Strona g\u0142\u00f3wna\",\"item\":\"https:\/\/pts.dfirma.pl\/en\/\"},{\"@type\":\"ListItem\",\"position\":2,\"name\":\"Contact\"}]},{\"@type\":\"WebSite\",\"@id\":\"https:\/\/pts.dfirma.pl\/#website\",\"url\":\"https:\/\/pts.dfirma.pl\/\",\"name\":\"Przetw\u00f3rstwo Tworzyw Sztucznych\",\"description\":\"Osprz\u0119t elektroinstalacyjny\",\"publisher\":{\"@id\":\"https:\/\/pts.dfirma.pl\/#organization\"},\"potentialAction\":[{\"@type\":\"SearchAction\",\"target\":{\"@type\":\"EntryPoint\",\"urlTemplate\":\"https:\/\/pts.dfirma.pl\/?s={search_term_string}\"},\"query-input\":{\"@type\":\"PropertyValueSpecification\",\"valueRequired\":true,\"valueName\":\"search_term_string\"}}],\"inLanguage\":\"en-US\"},{\"@type\":\"Organization\",\"@id\":\"https:\/\/pts.dfirma.pl\/#organization\",\"name\":\"Przetw\u00f3rstwo Tworzyw Sztucznych\",\"url\":\"https:\/\/pts.dfirma.pl\/\",\"logo\":{\"@type\":\"ImageObject\",\"inLanguage\":\"en-US\",\"@id\":\"https:\/\/pts.dfirma.pl\/#\/schema\/logo\/image\/\",\"url\":\"https:\/\/pts.dfirma.pl\/wp-content\/uploads\/2025\/02\/logo_PTS-2.svg\",\"contentUrl\":\"https:\/\/pts.dfirma.pl\/wp-content\/uploads\/2025\/02\/logo_PTS-2.svg\",\"width\":839,\"height\":487,\"caption\":\"Przetw\u00f3rstwo Tworzyw Sztucznych\"},\"image\":{\"@id\":\"https:\/\/pts.dfirma.pl\/#\/schema\/logo\/image\/\"}}]}<\/script>\n<!-- \/ Yoast SEO plugin. -->","yoast_head_json":{"title":"Contact - Przetw\u00f3rstwo Tworzyw Sztucznych","robots":{"index":"index","follow":"follow","max-snippet":"max-snippet:-1","max-image-preview":"max-image-preview:large","max-video-preview":"max-video-preview:-1"},"canonical":"https:\/\/pts.dfirma.pl\/en\/konakt\/","og_locale":"en_US","og_type":"article","og_title":"Contact - Przetw\u00f3rstwo Tworzyw Sztucznych","og_description":"Your partner in electrical installations &#8211; contact us today and discover the world of high-quality electrical installation accessories. Plastics Processing Krzysztof Dudzic G\u0142uch\u00f3w 133 \u0141a\u0144cut, 37-100 pts@pts-poland.pl +48 604 262 792","og_url":"https:\/\/pts.dfirma.pl\/en\/konakt\/","og_site_name":"Przetw\u00f3rstwo Tworzyw Sztucznych","article_modified_time":"2026-03-06T13:28:57+00:00","og_image":[{"width":1000,"height":382,"url":"https:\/\/pts.dfirma.pl\/wp-content\/uploads\/2025\/02\/pvc-pipe-extrusion-machine-line-e1739230513301.jpg","type":"image\/jpeg"}],"twitter_card":"summary_large_image","schema":{"@context":"https:\/\/schema.org","@graph":[{"@type":"WebPage","@id":"https:\/\/pts.dfirma.pl\/en\/konakt\/","url":"https:\/\/pts.dfirma.pl\/en\/konakt\/","name":"Contact - Przetw\u00f3rstwo Tworzyw Sztucznych","isPartOf":{"@id":"https:\/\/pts.dfirma.pl\/#website"},"primaryImageOfPage":{"@id":"https:\/\/pts.dfirma.pl\/en\/konakt\/#primaryimage"},"image":{"@id":"https:\/\/pts.dfirma.pl\/en\/konakt\/#primaryimage"},"thumbnailUrl":"https:\/\/pts.dfirma.pl\/wp-content\/uploads\/2025\/02\/pvc-pipe-extrusion-machine-line-e1739230513301.jpg","datePublished":"2024-11-19T21:44:04+00:00","dateModified":"2026-03-06T13:28:57+00:00","breadcrumb":{"@id":"https:\/\/pts.dfirma.pl\/en\/konakt\/#breadcrumb"},"inLanguage":"en-US","potentialAction":[{"@type":"ReadAction","target":["https:\/\/pts.dfirma.pl\/en\/konakt\/"]}]},{"@type":"ImageObject","inLanguage":"en-US","@id":"https:\/\/pts.dfirma.pl\/en\/konakt\/#primaryimage","url":"https:\/\/pts.dfirma.pl\/wp-content\/uploads\/2025\/02\/pvc-pipe-extrusion-machine-line-e1739230513301.jpg","contentUrl":"https:\/\/pts.dfirma.pl\/wp-content\/uploads\/2025\/02\/pvc-pipe-extrusion-machine-line-e1739230513301.jpg","width":1000,"height":382},{"@type":"BreadcrumbList","@id":"https:\/\/pts.dfirma.pl\/en\/konakt\/#breadcrumb","itemListElement":[{"@type":"ListItem","position":1,"name":"Strona g\u0142\u00f3wna","item":"https:\/\/pts.dfirma.pl\/en\/"},{"@type":"ListItem","position":2,"name":"Contact"}]},{"@type":"WebSite","@id":"https:\/\/pts.dfirma.pl\/#website","url":"https:\/\/pts.dfirma.pl\/","name":"Przetw\u00f3rstwo Tworzyw Sztucznych","description":"Osprz\u0119t elektroinstalacyjny","publisher":{"@id":"https:\/\/pts.dfirma.pl\/#organization"},"potentialAction":[{"@type":"SearchAction","target":{"@type":"EntryPoint","urlTemplate":"https:\/\/pts.dfirma.pl\/?s={search_term_string}"},"query-input":{"@type":"PropertyValueSpecification","valueRequired":true,"valueName":"search_term_string"}}],"inLanguage":"en-US"},{"@type":"Organization","@id":"https:\/\/pts.dfirma.pl\/#organization","name":"Przetw\u00f3rstwo Tworzyw Sztucznych","url":"https:\/\/pts.dfirma.pl\/","logo":{"@type":"ImageObject","inLanguage":"en-US","@id":"https:\/\/pts.dfirma.pl\/#\/schema\/logo\/image\/","url":"https:\/\/pts.dfirma.pl\/wp-content\/uploads\/2025\/02\/logo_PTS-2.svg","contentUrl":"https:\/\/pts.dfirma.pl\/wp-content\/uploads\/2025\/02\/logo_PTS-2.svg","width":839,"height":487,"caption":"Przetw\u00f3rstwo Tworzyw Sztucznych"},"image":{"@id":"https:\/\/pts.dfirma.pl\/#\/schema\/logo\/image\/"}}]}},"_links":{"self":[{"href":"https:\/\/pts.dfirma.pl\/en\/wp-json\/wp\/v2\/pages\/722","targetHints":{"allow":["GET"]}}],"collection":[{"href":"https:\/\/pts.dfirma.pl\/en\/wp-json\/wp\/v2\/pages"}],"about":[{"href":"https:\/\/pts.dfirma.pl\/en\/wp-json\/wp\/v2\/types\/page"}],"author":[{"embeddable":true,"href":"https:\/\/pts.dfirma.pl\/en\/wp-json\/wp\/v2\/users\/1"}],"replies":[{"embeddable":true,"href":"https:\/\/pts.dfirma.pl\/en\/wp-json\/wp\/v2\/comments?post=722"}],"version-history":[{"count":3,"href":"https:\/\/pts.dfirma.pl\/en\/wp-json\/wp\/v2\/pages\/722\/revisions"}],"predecessor-version":[{"id":731,"href":"https:\/\/pts.dfirma.pl\/en\/wp-json\/wp\/v2\/pages\/722\/revisions\/731"}],"wp:featuredmedia":[{"embeddable":true,"href":"https:\/\/pts.dfirma.pl\/en\/wp-json\/wp\/v2\/media\/723"}],"wp:attachment":[{"href":"https:\/\/pts.dfirma.pl\/en\/wp-json\/wp\/v2\/media?parent=722"}],"curies":[{"name":"wp","href":"https:\/\/api.w.org\/{rel}","templated":true}]}}