{"id":605,"date":"2026-01-10T09:16:31","date_gmt":"2026-01-10T08:16:31","guid":{"rendered":"http:\/\/pts.dfirma.pl\/produkt\/puszka-elektryczna-podtynkowa\/"},"modified":"2026-03-06T11:24:55","modified_gmt":"2026-03-06T10:24:55","slug":"puszka-elektryczna-podtynkowa","status":"publish","type":"product","link":"https:\/\/pts.dfirma.pl\/en\/produkt\/puszka-elektryczna-podtynkowa\/","title":{"rendered":"Flush-mounted electrical box"},"content":{"rendered":"<div class=\"gmail_quote\">Flush-mounted box, connectable, shallow without screws.<\/div>\n<div class=\"gmail_quote\">Technical data: diameter 60 mm, depth 42 mm, white color, material &#8211; Polypropylene<\/div>\n<p>Flush-mounted electrical box 60 x 60 x 42 connectable shallow<\/p>\n","protected":false},"excerpt":{"rendered":"<p>Flush-mounted box, connectable, shallow without screws. Technical data: diameter 60 mm, depth 42 mm, white color, material &#8211; Polypropylene Flush-mounted electrical box 60 x 60 x 42 connectable shallow<\/p>\n","protected":false},"featured_media":607,"comment_status":"open","ping_status":"closed","template":"","meta":{"inline_featured_image":false},"product_brand":[],"product_cat":[37],"product_tag":[],"class_list":{"0":"post-605","1":"product","2":"type-product","3":"status-publish","4":"has-post-thumbnail","6":"product_cat-electrics","8":"first","9":"instock","10":"taxable","11":"shipping-taxable","12":"purchasable","13":"product-type-simple"},"yoast_head":"<!-- This site is optimized with the Yoast SEO plugin v27.2 - https:\/\/yoast.com\/product\/yoast-seo-wordpress\/ -->\n<title>Flush-mounted electrical box - Przetw\u00f3rstwo Tworzyw Sztucznych<\/title>\n<meta name=\"description\" content=\"Flush-mounted electrical box \u2013 sprawd\u017a ofert\u0119 element\u00f3w instalacyjnych PTS. Produkty z wysokiej jako\u015bci materia\u0142\u00f3w, trwa\u0142e i przeznaczone do instalacji wodnych oraz hydraulicznych.\" \/>\n<meta name=\"robots\" content=\"index, follow, max-snippet:-1, max-image-preview:large, max-video-preview:-1\" \/>\n<link rel=\"canonical\" href=\"https:\/\/pts.dfirma.pl\/en\/produkt\/puszka-elektryczna-podtynkowa\/\" \/>\n<meta property=\"og:locale\" content=\"en_US\" \/>\n<meta property=\"og:type\" content=\"article\" \/>\n<meta property=\"og:title\" content=\"Flush-mounted electrical box - Przetw\u00f3rstwo Tworzyw Sztucznych\" \/>\n<meta property=\"og:description\" content=\"Flush-mounted electrical box \u2013 sprawd\u017a ofert\u0119 element\u00f3w instalacyjnych PTS. Produkty z wysokiej jako\u015bci materia\u0142\u00f3w, trwa\u0142e i przeznaczone do instalacji wodnych oraz hydraulicznych.\" \/>\n<meta property=\"og:url\" content=\"https:\/\/pts.dfirma.pl\/en\/produkt\/puszka-elektryczna-podtynkowa\/\" \/>\n<meta property=\"og:site_name\" content=\"Przetw\u00f3rstwo Tworzyw Sztucznych\" \/>\n<meta property=\"article:modified_time\" content=\"2026-03-06T10:24:55+00:00\" \/>\n<meta property=\"og:image\" content=\"https:\/\/pts.dfirma.pl\/wp-content\/uploads\/2026\/01\/p3.jpg\" \/>\n\t<meta property=\"og:image:width\" content=\"450\" \/>\n\t<meta property=\"og:image:height\" content=\"450\" \/>\n\t<meta property=\"og:image:type\" content=\"image\/jpeg\" \/>\n<meta name=\"twitter:card\" content=\"summary_large_image\" \/>\n<script type=\"application\/ld+json\" class=\"yoast-schema-graph\">{\"@context\":\"https:\/\/schema.org\",\"@graph\":[{\"@type\":\"WebPage\",\"@id\":\"https:\/\/pts.dfirma.pl\/en\/produkt\/puszka-elektryczna-podtynkowa\/\",\"url\":\"https:\/\/pts.dfirma.pl\/en\/produkt\/puszka-elektryczna-podtynkowa\/\",\"name\":\"Flush-mounted electrical box - Przetw\u00f3rstwo Tworzyw Sztucznych\",\"isPartOf\":{\"@id\":\"https:\/\/pts.dfirma.pl\/#website\"},\"primaryImageOfPage\":{\"@id\":\"https:\/\/pts.dfirma.pl\/en\/produkt\/puszka-elektryczna-podtynkowa\/#primaryimage\"},\"image\":{\"@id\":\"https:\/\/pts.dfirma.pl\/en\/produkt\/puszka-elektryczna-podtynkowa\/#primaryimage\"},\"thumbnailUrl\":\"https:\/\/pts.dfirma.pl\/wp-content\/uploads\/2026\/01\/p3.jpg\",\"datePublished\":\"2026-01-10T08:16:31+00:00\",\"dateModified\":\"2026-03-06T10:24:55+00:00\",\"description\":\"Flush-mounted electrical box \u2013 sprawd\u017a ofert\u0119 element\u00f3w instalacyjnych PTS. Produkty z wysokiej jako\u015bci materia\u0142\u00f3w, trwa\u0142e i przeznaczone do instalacji wodnych oraz hydraulicznych.\",\"breadcrumb\":{\"@id\":\"https:\/\/pts.dfirma.pl\/en\/produkt\/puszka-elektryczna-podtynkowa\/#breadcrumb\"},\"inLanguage\":\"en-US\",\"potentialAction\":[{\"@type\":\"ReadAction\",\"target\":[\"https:\/\/pts.dfirma.pl\/en\/produkt\/puszka-elektryczna-podtynkowa\/\"]}]},{\"@type\":\"ImageObject\",\"inLanguage\":\"en-US\",\"@id\":\"https:\/\/pts.dfirma.pl\/en\/produkt\/puszka-elektryczna-podtynkowa\/#primaryimage\",\"url\":\"https:\/\/pts.dfirma.pl\/wp-content\/uploads\/2026\/01\/p3.jpg\",\"contentUrl\":\"https:\/\/pts.dfirma.pl\/wp-content\/uploads\/2026\/01\/p3.jpg\",\"width\":450,\"height\":450,\"caption\":\"Puszka podtynkowa p\u0142ytka 60\/42 mm do instalacji elektrycznych \u2013 mo\u017cliwo\u015b\u0107 \u0142\u0105czenia\"},{\"@type\":\"BreadcrumbList\",\"@id\":\"https:\/\/pts.dfirma.pl\/en\/produkt\/puszka-elektryczna-podtynkowa\/#breadcrumb\",\"itemListElement\":[{\"@type\":\"ListItem\",\"position\":1,\"name\":\"Strona g\u0142\u00f3wna\",\"item\":\"https:\/\/pts.dfirma.pl\/en\/\"},{\"@type\":\"ListItem\",\"position\":2,\"name\":\"Shop\",\"item\":\"https:\/\/pts.dfirma.pl\/en\/shop\/\"},{\"@type\":\"ListItem\",\"position\":3,\"name\":\"Flush-mounted electrical box\"}]},{\"@type\":\"WebSite\",\"@id\":\"https:\/\/pts.dfirma.pl\/#website\",\"url\":\"https:\/\/pts.dfirma.pl\/\",\"name\":\"Przetw\u00f3rstwo Tworzyw Sztucznych\",\"description\":\"Osprz\u0119t elektroinstalacyjny\",\"publisher\":{\"@id\":\"https:\/\/pts.dfirma.pl\/#organization\"},\"potentialAction\":[{\"@type\":\"SearchAction\",\"target\":{\"@type\":\"EntryPoint\",\"urlTemplate\":\"https:\/\/pts.dfirma.pl\/?s={search_term_string}\"},\"query-input\":{\"@type\":\"PropertyValueSpecification\",\"valueRequired\":true,\"valueName\":\"search_term_string\"}}],\"inLanguage\":\"en-US\"},{\"@type\":\"Organization\",\"@id\":\"https:\/\/pts.dfirma.pl\/#organization\",\"name\":\"Przetw\u00f3rstwo Tworzyw Sztucznych\",\"url\":\"https:\/\/pts.dfirma.pl\/\",\"logo\":{\"@type\":\"ImageObject\",\"inLanguage\":\"en-US\",\"@id\":\"https:\/\/pts.dfirma.pl\/#\/schema\/logo\/image\/\",\"url\":\"https:\/\/pts.dfirma.pl\/wp-content\/uploads\/2025\/02\/logo_PTS-2.svg\",\"contentUrl\":\"https:\/\/pts.dfirma.pl\/wp-content\/uploads\/2025\/02\/logo_PTS-2.svg\",\"width\":839,\"height\":487,\"caption\":\"Przetw\u00f3rstwo Tworzyw Sztucznych\"},\"image\":{\"@id\":\"https:\/\/pts.dfirma.pl\/#\/schema\/logo\/image\/\"}}]}<\/script>\n<!-- \/ Yoast SEO plugin. -->","yoast_head_json":{"title":"Flush-mounted electrical box - Przetw\u00f3rstwo Tworzyw Sztucznych","description":"Flush-mounted electrical box \u2013 sprawd\u017a ofert\u0119 element\u00f3w instalacyjnych PTS. Produkty z wysokiej jako\u015bci materia\u0142\u00f3w, trwa\u0142e i przeznaczone do instalacji wodnych oraz hydraulicznych.","robots":{"index":"index","follow":"follow","max-snippet":"max-snippet:-1","max-image-preview":"max-image-preview:large","max-video-preview":"max-video-preview:-1"},"canonical":"https:\/\/pts.dfirma.pl\/en\/produkt\/puszka-elektryczna-podtynkowa\/","og_locale":"en_US","og_type":"article","og_title":"Flush-mounted electrical box - Przetw\u00f3rstwo Tworzyw Sztucznych","og_description":"Flush-mounted electrical box \u2013 sprawd\u017a ofert\u0119 element\u00f3w instalacyjnych PTS. Produkty z wysokiej jako\u015bci materia\u0142\u00f3w, trwa\u0142e i przeznaczone do instalacji wodnych oraz hydraulicznych.","og_url":"https:\/\/pts.dfirma.pl\/en\/produkt\/puszka-elektryczna-podtynkowa\/","og_site_name":"Przetw\u00f3rstwo Tworzyw Sztucznych","article_modified_time":"2026-03-06T10:24:55+00:00","og_image":[{"width":450,"height":450,"url":"https:\/\/pts.dfirma.pl\/wp-content\/uploads\/2026\/01\/p3.jpg","type":"image\/jpeg"}],"twitter_card":"summary_large_image","schema":{"@context":"https:\/\/schema.org","@graph":[{"@type":"WebPage","@id":"https:\/\/pts.dfirma.pl\/en\/produkt\/puszka-elektryczna-podtynkowa\/","url":"https:\/\/pts.dfirma.pl\/en\/produkt\/puszka-elektryczna-podtynkowa\/","name":"Flush-mounted electrical box - Przetw\u00f3rstwo Tworzyw Sztucznych","isPartOf":{"@id":"https:\/\/pts.dfirma.pl\/#website"},"primaryImageOfPage":{"@id":"https:\/\/pts.dfirma.pl\/en\/produkt\/puszka-elektryczna-podtynkowa\/#primaryimage"},"image":{"@id":"https:\/\/pts.dfirma.pl\/en\/produkt\/puszka-elektryczna-podtynkowa\/#primaryimage"},"thumbnailUrl":"https:\/\/pts.dfirma.pl\/wp-content\/uploads\/2026\/01\/p3.jpg","datePublished":"2026-01-10T08:16:31+00:00","dateModified":"2026-03-06T10:24:55+00:00","description":"Flush-mounted electrical box \u2013 sprawd\u017a ofert\u0119 element\u00f3w instalacyjnych PTS. Produkty z wysokiej jako\u015bci materia\u0142\u00f3w, trwa\u0142e i przeznaczone do instalacji wodnych oraz hydraulicznych.","breadcrumb":{"@id":"https:\/\/pts.dfirma.pl\/en\/produkt\/puszka-elektryczna-podtynkowa\/#breadcrumb"},"inLanguage":"en-US","potentialAction":[{"@type":"ReadAction","target":["https:\/\/pts.dfirma.pl\/en\/produkt\/puszka-elektryczna-podtynkowa\/"]}]},{"@type":"ImageObject","inLanguage":"en-US","@id":"https:\/\/pts.dfirma.pl\/en\/produkt\/puszka-elektryczna-podtynkowa\/#primaryimage","url":"https:\/\/pts.dfirma.pl\/wp-content\/uploads\/2026\/01\/p3.jpg","contentUrl":"https:\/\/pts.dfirma.pl\/wp-content\/uploads\/2026\/01\/p3.jpg","width":450,"height":450,"caption":"Puszka podtynkowa p\u0142ytka 60\/42 mm do instalacji elektrycznych \u2013 mo\u017cliwo\u015b\u0107 \u0142\u0105czenia"},{"@type":"BreadcrumbList","@id":"https:\/\/pts.dfirma.pl\/en\/produkt\/puszka-elektryczna-podtynkowa\/#breadcrumb","itemListElement":[{"@type":"ListItem","position":1,"name":"Strona g\u0142\u00f3wna","item":"https:\/\/pts.dfirma.pl\/en\/"},{"@type":"ListItem","position":2,"name":"Shop","item":"https:\/\/pts.dfirma.pl\/en\/shop\/"},{"@type":"ListItem","position":3,"name":"Flush-mounted electrical box"}]},{"@type":"WebSite","@id":"https:\/\/pts.dfirma.pl\/#website","url":"https:\/\/pts.dfirma.pl\/","name":"Przetw\u00f3rstwo Tworzyw Sztucznych","description":"Osprz\u0119t elektroinstalacyjny","publisher":{"@id":"https:\/\/pts.dfirma.pl\/#organization"},"potentialAction":[{"@type":"SearchAction","target":{"@type":"EntryPoint","urlTemplate":"https:\/\/pts.dfirma.pl\/?s={search_term_string}"},"query-input":{"@type":"PropertyValueSpecification","valueRequired":true,"valueName":"search_term_string"}}],"inLanguage":"en-US"},{"@type":"Organization","@id":"https:\/\/pts.dfirma.pl\/#organization","name":"Przetw\u00f3rstwo Tworzyw Sztucznych","url":"https:\/\/pts.dfirma.pl\/","logo":{"@type":"ImageObject","inLanguage":"en-US","@id":"https:\/\/pts.dfirma.pl\/#\/schema\/logo\/image\/","url":"https:\/\/pts.dfirma.pl\/wp-content\/uploads\/2025\/02\/logo_PTS-2.svg","contentUrl":"https:\/\/pts.dfirma.pl\/wp-content\/uploads\/2025\/02\/logo_PTS-2.svg","width":839,"height":487,"caption":"Przetw\u00f3rstwo Tworzyw Sztucznych"},"image":{"@id":"https:\/\/pts.dfirma.pl\/#\/schema\/logo\/image\/"}}]}},"_links":{"self":[{"href":"https:\/\/pts.dfirma.pl\/en\/wp-json\/wp\/v2\/product\/605","targetHints":{"allow":["GET"]}}],"collection":[{"href":"https:\/\/pts.dfirma.pl\/en\/wp-json\/wp\/v2\/product"}],"about":[{"href":"https:\/\/pts.dfirma.pl\/en\/wp-json\/wp\/v2\/types\/product"}],"replies":[{"embeddable":true,"href":"https:\/\/pts.dfirma.pl\/en\/wp-json\/wp\/v2\/comments?post=605"}],"wp:featuredmedia":[{"embeddable":true,"href":"https:\/\/pts.dfirma.pl\/en\/wp-json\/wp\/v2\/media\/607"}],"wp:attachment":[{"href":"https:\/\/pts.dfirma.pl\/en\/wp-json\/wp\/v2\/media?parent=605"}],"wp:term":[{"taxonomy":"product_brand","embeddable":true,"href":"https:\/\/pts.dfirma.pl\/en\/wp-json\/wp\/v2\/product_brand?post=605"},{"taxonomy":"product_cat","embeddable":true,"href":"https:\/\/pts.dfirma.pl\/en\/wp-json\/wp\/v2\/product_cat?post=605"},{"taxonomy":"product_tag","embeddable":true,"href":"https:\/\/pts.dfirma.pl\/en\/wp-json\/wp\/v2\/product_tag?post=605"}],"curies":[{"name":"wp","href":"https:\/\/api.w.org\/{rel}","templated":true}]}}