{"id":616,"date":"2025-02-10T23:40:18","date_gmt":"2025-02-10T22:40:18","guid":{"rendered":"https:\/\/pts.dfirma.pl\/produkt\/haki-podwojne-do-rur-ogrzewania-podlogowego\/"},"modified":"2026-03-06T11:31:33","modified_gmt":"2026-03-06T10:31:33","slug":"haki-podwojne-do-rur-ogrzewania-podlogowego","status":"publish","type":"product","link":"https:\/\/pts.dfirma.pl\/en\/produkt\/haki-podwojne-do-rur-ogrzewania-podlogowego\/","title":{"rendered":"Double hooks for underfloor heating pipes"},"content":{"rendered":"<p>The floor hook is designed for the installation of floor heating systems. The product is used for connecting insulated pipes.<\/p>\n<p>A double hook can secure two pipes at once \u2013 for example, at a joint. The product features grooves in its lower part, allowing the clip to be inserted into polystyrene by hand, without the use of tools. This significantly speeds up installation. The hook integrates system components before screed application. The hook is made of PP (Polypropylene), making it strong and flexible, thus well-prepared for screed pouring.<\/p>\n<p>The hook with a mounting pin can be used in indoor and outdoor installations for securing PEX, RL, corrugated, and other pipes.<\/p>\n<p>Our company offers the following types of hooks:<\/p>\n<ul>\n<li>Single floor hook, 80 mm, black<\/li>\n<li>Single floor hook, 80 mm, white<\/li>\n<li>Single floor hook, 100 mm, black<\/li>\n<li>Double floor hook, 80 mm, black<\/li>\n<li>Double floor hook, 80 mm, white<\/li>\n<li>Double floor hook, 100 mm, black<\/li>\n<li>Double floor hook with mounting pin<\/li>\n<li>Single floor hook with mounting pin<\/li>\n<\/ul>\n","protected":false},"excerpt":{"rendered":"<p>The floor hook is designed for the installation of floor heating systems. The product is used for connecting insulated pipes. A double hook can secure two pipes at once \u2013 for example, at a joint. The product features grooves in its lower part, allowing the clip to be inserted into polystyrene by hand, without the [&hellip;]<\/p>\n","protected":false},"featured_media":972,"comment_status":"open","ping_status":"closed","template":"","meta":{"inline_featured_image":false},"product_brand":[],"product_cat":[35],"product_tag":[],"class_list":{"0":"post-616","1":"product","2":"type-product","3":"status-publish","4":"has-post-thumbnail","6":"product_cat-underfloor-heating","8":"first","9":"instock","10":"taxable","11":"shipping-taxable","12":"product-type-simple"},"yoast_head":"<!-- This site is optimized with the Yoast SEO plugin v27.2 - https:\/\/yoast.com\/product\/yoast-seo-wordpress\/ -->\n<title>Double hooks for underfloor heating pipes - Przetw\u00f3rstwo Tworzyw Sztucznych<\/title>\n<meta name=\"description\" content=\"Double hooks for underfloor heating pipes \u2013 sprawd\u017a ofert\u0119 element\u00f3w instalacyjnych PTS. Produkty z wysokiej jako\u015bci materia\u0142\u00f3w, trwa\u0142e i przeznaczone do instalacji wodnych oraz hydraulicznych.\" \/>\n<meta name=\"robots\" content=\"index, follow, max-snippet:-1, max-image-preview:large, max-video-preview:-1\" \/>\n<link rel=\"canonical\" href=\"https:\/\/pts.dfirma.pl\/en\/produkt\/haki-podwojne-do-rur-ogrzewania-podlogowego\/\" \/>\n<meta property=\"og:locale\" content=\"en_US\" \/>\n<meta property=\"og:type\" content=\"article\" \/>\n<meta property=\"og:title\" content=\"Double hooks for underfloor heating pipes - Przetw\u00f3rstwo Tworzyw Sztucznych\" \/>\n<meta property=\"og:description\" content=\"Double hooks for underfloor heating pipes \u2013 sprawd\u017a ofert\u0119 element\u00f3w instalacyjnych PTS. Produkty z wysokiej jako\u015bci materia\u0142\u00f3w, trwa\u0142e i przeznaczone do instalacji wodnych oraz hydraulicznych.\" \/>\n<meta property=\"og:url\" content=\"https:\/\/pts.dfirma.pl\/en\/produkt\/haki-podwojne-do-rur-ogrzewania-podlogowego\/\" \/>\n<meta property=\"og:site_name\" content=\"Przetw\u00f3rstwo Tworzyw Sztucznych\" \/>\n<meta property=\"article:modified_time\" content=\"2026-03-06T10:31:33+00:00\" \/>\n<meta property=\"og:image\" content=\"https:\/\/pts.dfirma.pl\/wp-content\/uploads\/2025\/10\/GLY_3193-scaled.jpg\" \/>\n\t<meta property=\"og:image:width\" content=\"2560\" \/>\n\t<meta property=\"og:image:height\" content=\"1704\" \/>\n\t<meta property=\"og:image:type\" content=\"image\/jpeg\" \/>\n<meta name=\"twitter:card\" content=\"summary_large_image\" \/>\n<meta name=\"twitter:label1\" content=\"Est. reading time\" \/>\n\t<meta name=\"twitter:data1\" content=\"1 minute\" \/>\n<script type=\"application\/ld+json\" class=\"yoast-schema-graph\">{\"@context\":\"https:\/\/schema.org\",\"@graph\":[{\"@type\":\"WebPage\",\"@id\":\"https:\/\/pts.dfirma.pl\/en\/produkt\/haki-podwojne-do-rur-ogrzewania-podlogowego\/\",\"url\":\"https:\/\/pts.dfirma.pl\/en\/produkt\/haki-podwojne-do-rur-ogrzewania-podlogowego\/\",\"name\":\"Double hooks for underfloor heating pipes - Przetw\u00f3rstwo Tworzyw Sztucznych\",\"isPartOf\":{\"@id\":\"https:\/\/pts.dfirma.pl\/#website\"},\"primaryImageOfPage\":{\"@id\":\"https:\/\/pts.dfirma.pl\/en\/produkt\/haki-podwojne-do-rur-ogrzewania-podlogowego\/#primaryimage\"},\"image\":{\"@id\":\"https:\/\/pts.dfirma.pl\/en\/produkt\/haki-podwojne-do-rur-ogrzewania-podlogowego\/#primaryimage\"},\"thumbnailUrl\":\"https:\/\/pts.dfirma.pl\/wp-content\/uploads\/2025\/02\/hak-podwojny-do-rur-ogrzewania-podlogowego-bialy-czarny_1.jpg.png\",\"datePublished\":\"2025-02-10T22:40:18+00:00\",\"dateModified\":\"2026-03-06T10:31:33+00:00\",\"description\":\"Double hooks for underfloor heating pipes \u2013 sprawd\u017a ofert\u0119 element\u00f3w instalacyjnych PTS. Produkty z wysokiej jako\u015bci materia\u0142\u00f3w, trwa\u0142e i przeznaczone do instalacji wodnych oraz hydraulicznych.\",\"breadcrumb\":{\"@id\":\"https:\/\/pts.dfirma.pl\/en\/produkt\/haki-podwojne-do-rur-ogrzewania-podlogowego\/#breadcrumb\"},\"inLanguage\":\"en-US\",\"potentialAction\":[{\"@type\":\"ReadAction\",\"target\":[\"https:\/\/pts.dfirma.pl\/en\/produkt\/haki-podwojne-do-rur-ogrzewania-podlogowego\/\"]}]},{\"@type\":\"ImageObject\",\"inLanguage\":\"en-US\",\"@id\":\"https:\/\/pts.dfirma.pl\/en\/produkt\/haki-podwojne-do-rur-ogrzewania-podlogowego\/#primaryimage\",\"url\":\"https:\/\/pts.dfirma.pl\/wp-content\/uploads\/2025\/02\/hak-podwojny-do-rur-ogrzewania-podlogowego-bialy-czarny_1.jpg.png\",\"contentUrl\":\"https:\/\/pts.dfirma.pl\/wp-content\/uploads\/2025\/02\/hak-podwojny-do-rur-ogrzewania-podlogowego-bialy-czarny_1.jpg.png\",\"width\":1536,\"height\":1024,\"caption\":\"Haki podw\u00f3jne do mocowania rur ogrzewania pod\u0142ogowego \u2013 wersja bia\u0142a i czarna\"},{\"@type\":\"BreadcrumbList\",\"@id\":\"https:\/\/pts.dfirma.pl\/en\/produkt\/haki-podwojne-do-rur-ogrzewania-podlogowego\/#breadcrumb\",\"itemListElement\":[{\"@type\":\"ListItem\",\"position\":1,\"name\":\"Strona g\u0142\u00f3wna\",\"item\":\"https:\/\/pts.dfirma.pl\/en\/\"},{\"@type\":\"ListItem\",\"position\":2,\"name\":\"Shop\",\"item\":\"https:\/\/pts.dfirma.pl\/en\/shop\/\"},{\"@type\":\"ListItem\",\"position\":3,\"name\":\"Double hooks for underfloor heating pipes\"}]},{\"@type\":\"WebSite\",\"@id\":\"https:\/\/pts.dfirma.pl\/#website\",\"url\":\"https:\/\/pts.dfirma.pl\/\",\"name\":\"Przetw\u00f3rstwo Tworzyw Sztucznych\",\"description\":\"Osprz\u0119t elektroinstalacyjny\",\"publisher\":{\"@id\":\"https:\/\/pts.dfirma.pl\/#organization\"},\"potentialAction\":[{\"@type\":\"SearchAction\",\"target\":{\"@type\":\"EntryPoint\",\"urlTemplate\":\"https:\/\/pts.dfirma.pl\/?s={search_term_string}\"},\"query-input\":{\"@type\":\"PropertyValueSpecification\",\"valueRequired\":true,\"valueName\":\"search_term_string\"}}],\"inLanguage\":\"en-US\"},{\"@type\":\"Organization\",\"@id\":\"https:\/\/pts.dfirma.pl\/#organization\",\"name\":\"Przetw\u00f3rstwo Tworzyw Sztucznych\",\"url\":\"https:\/\/pts.dfirma.pl\/\",\"logo\":{\"@type\":\"ImageObject\",\"inLanguage\":\"en-US\",\"@id\":\"https:\/\/pts.dfirma.pl\/#\/schema\/logo\/image\/\",\"url\":\"https:\/\/pts.dfirma.pl\/wp-content\/uploads\/2025\/02\/logo_PTS-2.svg\",\"contentUrl\":\"https:\/\/pts.dfirma.pl\/wp-content\/uploads\/2025\/02\/logo_PTS-2.svg\",\"width\":839,\"height\":487,\"caption\":\"Przetw\u00f3rstwo Tworzyw Sztucznych\"},\"image\":{\"@id\":\"https:\/\/pts.dfirma.pl\/#\/schema\/logo\/image\/\"}}]}<\/script>\n<!-- \/ Yoast SEO plugin. -->","yoast_head_json":{"title":"Double hooks for underfloor heating pipes - Przetw\u00f3rstwo Tworzyw Sztucznych","description":"Double hooks for underfloor heating pipes \u2013 sprawd\u017a ofert\u0119 element\u00f3w instalacyjnych PTS. Produkty z wysokiej jako\u015bci materia\u0142\u00f3w, trwa\u0142e i przeznaczone do instalacji wodnych oraz hydraulicznych.","robots":{"index":"index","follow":"follow","max-snippet":"max-snippet:-1","max-image-preview":"max-image-preview:large","max-video-preview":"max-video-preview:-1"},"canonical":"https:\/\/pts.dfirma.pl\/en\/produkt\/haki-podwojne-do-rur-ogrzewania-podlogowego\/","og_locale":"en_US","og_type":"article","og_title":"Double hooks for underfloor heating pipes - Przetw\u00f3rstwo Tworzyw Sztucznych","og_description":"Double hooks for underfloor heating pipes \u2013 sprawd\u017a ofert\u0119 element\u00f3w instalacyjnych PTS. Produkty z wysokiej jako\u015bci materia\u0142\u00f3w, trwa\u0142e i przeznaczone do instalacji wodnych oraz hydraulicznych.","og_url":"https:\/\/pts.dfirma.pl\/en\/produkt\/haki-podwojne-do-rur-ogrzewania-podlogowego\/","og_site_name":"Przetw\u00f3rstwo Tworzyw Sztucznych","article_modified_time":"2026-03-06T10:31:33+00:00","og_image":[{"width":2560,"height":1704,"url":"https:\/\/pts.dfirma.pl\/wp-content\/uploads\/2025\/10\/GLY_3193-scaled.jpg","type":"image\/jpeg"}],"twitter_card":"summary_large_image","twitter_misc":{"Est. reading time":"1 minute"},"schema":{"@context":"https:\/\/schema.org","@graph":[{"@type":"WebPage","@id":"https:\/\/pts.dfirma.pl\/en\/produkt\/haki-podwojne-do-rur-ogrzewania-podlogowego\/","url":"https:\/\/pts.dfirma.pl\/en\/produkt\/haki-podwojne-do-rur-ogrzewania-podlogowego\/","name":"Double hooks for underfloor heating pipes - Przetw\u00f3rstwo Tworzyw Sztucznych","isPartOf":{"@id":"https:\/\/pts.dfirma.pl\/#website"},"primaryImageOfPage":{"@id":"https:\/\/pts.dfirma.pl\/en\/produkt\/haki-podwojne-do-rur-ogrzewania-podlogowego\/#primaryimage"},"image":{"@id":"https:\/\/pts.dfirma.pl\/en\/produkt\/haki-podwojne-do-rur-ogrzewania-podlogowego\/#primaryimage"},"thumbnailUrl":"https:\/\/pts.dfirma.pl\/wp-content\/uploads\/2025\/02\/hak-podwojny-do-rur-ogrzewania-podlogowego-bialy-czarny_1.jpg.png","datePublished":"2025-02-10T22:40:18+00:00","dateModified":"2026-03-06T10:31:33+00:00","description":"Double hooks for underfloor heating pipes \u2013 sprawd\u017a ofert\u0119 element\u00f3w instalacyjnych PTS. Produkty z wysokiej jako\u015bci materia\u0142\u00f3w, trwa\u0142e i przeznaczone do instalacji wodnych oraz hydraulicznych.","breadcrumb":{"@id":"https:\/\/pts.dfirma.pl\/en\/produkt\/haki-podwojne-do-rur-ogrzewania-podlogowego\/#breadcrumb"},"inLanguage":"en-US","potentialAction":[{"@type":"ReadAction","target":["https:\/\/pts.dfirma.pl\/en\/produkt\/haki-podwojne-do-rur-ogrzewania-podlogowego\/"]}]},{"@type":"ImageObject","inLanguage":"en-US","@id":"https:\/\/pts.dfirma.pl\/en\/produkt\/haki-podwojne-do-rur-ogrzewania-podlogowego\/#primaryimage","url":"https:\/\/pts.dfirma.pl\/wp-content\/uploads\/2025\/02\/hak-podwojny-do-rur-ogrzewania-podlogowego-bialy-czarny_1.jpg.png","contentUrl":"https:\/\/pts.dfirma.pl\/wp-content\/uploads\/2025\/02\/hak-podwojny-do-rur-ogrzewania-podlogowego-bialy-czarny_1.jpg.png","width":1536,"height":1024,"caption":"Haki podw\u00f3jne do mocowania rur ogrzewania pod\u0142ogowego \u2013 wersja bia\u0142a i czarna"},{"@type":"BreadcrumbList","@id":"https:\/\/pts.dfirma.pl\/en\/produkt\/haki-podwojne-do-rur-ogrzewania-podlogowego\/#breadcrumb","itemListElement":[{"@type":"ListItem","position":1,"name":"Strona g\u0142\u00f3wna","item":"https:\/\/pts.dfirma.pl\/en\/"},{"@type":"ListItem","position":2,"name":"Shop","item":"https:\/\/pts.dfirma.pl\/en\/shop\/"},{"@type":"ListItem","position":3,"name":"Double hooks for underfloor heating pipes"}]},{"@type":"WebSite","@id":"https:\/\/pts.dfirma.pl\/#website","url":"https:\/\/pts.dfirma.pl\/","name":"Przetw\u00f3rstwo Tworzyw Sztucznych","description":"Osprz\u0119t elektroinstalacyjny","publisher":{"@id":"https:\/\/pts.dfirma.pl\/#organization"},"potentialAction":[{"@type":"SearchAction","target":{"@type":"EntryPoint","urlTemplate":"https:\/\/pts.dfirma.pl\/?s={search_term_string}"},"query-input":{"@type":"PropertyValueSpecification","valueRequired":true,"valueName":"search_term_string"}}],"inLanguage":"en-US"},{"@type":"Organization","@id":"https:\/\/pts.dfirma.pl\/#organization","name":"Przetw\u00f3rstwo Tworzyw Sztucznych","url":"https:\/\/pts.dfirma.pl\/","logo":{"@type":"ImageObject","inLanguage":"en-US","@id":"https:\/\/pts.dfirma.pl\/#\/schema\/logo\/image\/","url":"https:\/\/pts.dfirma.pl\/wp-content\/uploads\/2025\/02\/logo_PTS-2.svg","contentUrl":"https:\/\/pts.dfirma.pl\/wp-content\/uploads\/2025\/02\/logo_PTS-2.svg","width":839,"height":487,"caption":"Przetw\u00f3rstwo Tworzyw Sztucznych"},"image":{"@id":"https:\/\/pts.dfirma.pl\/#\/schema\/logo\/image\/"}}]}},"_links":{"self":[{"href":"https:\/\/pts.dfirma.pl\/en\/wp-json\/wp\/v2\/product\/616","targetHints":{"allow":["GET"]}}],"collection":[{"href":"https:\/\/pts.dfirma.pl\/en\/wp-json\/wp\/v2\/product"}],"about":[{"href":"https:\/\/pts.dfirma.pl\/en\/wp-json\/wp\/v2\/types\/product"}],"replies":[{"embeddable":true,"href":"https:\/\/pts.dfirma.pl\/en\/wp-json\/wp\/v2\/comments?post=616"}],"wp:featuredmedia":[{"embeddable":true,"href":"https:\/\/pts.dfirma.pl\/en\/wp-json\/wp\/v2\/media\/972"}],"wp:attachment":[{"href":"https:\/\/pts.dfirma.pl\/en\/wp-json\/wp\/v2\/media?parent=616"}],"wp:term":[{"taxonomy":"product_brand","embeddable":true,"href":"https:\/\/pts.dfirma.pl\/en\/wp-json\/wp\/v2\/product_brand?post=616"},{"taxonomy":"product_cat","embeddable":true,"href":"https:\/\/pts.dfirma.pl\/en\/wp-json\/wp\/v2\/product_cat?post=616"},{"taxonomy":"product_tag","embeddable":true,"href":"https:\/\/pts.dfirma.pl\/en\/wp-json\/wp\/v2\/product_tag?post=616"}],"curies":[{"name":"wp","href":"https:\/\/api.w.org\/{rel}","templated":true}]}}