{"id":622,"date":"2024-11-13T22:47:53","date_gmt":"2024-11-13T21:47:53","guid":{"rendered":"https:\/\/pts.dfirma.pl\/produkt\/zapinki-do-tasm-pp\/"},"modified":"2026-03-06T11:33:06","modified_gmt":"2026-03-06T10:33:06","slug":"zapinki-do-tasm-pp","status":"publish","type":"product","link":"https:\/\/pts.dfirma.pl\/en\/produkt\/zapinki-do-tasm-pp\/","title":{"rendered":"PP Strap Clips"},"content":{"rendered":"<p>PP polypropylene clips are used to join straps, which are utilized for bundling, stabilizing, and securing goods during transport. PP clips protect straps from breaking and maintain their proper tension. PP clips can be used for goods weighing up to 50 kg. Pack of 1000 pieces.<\/p>\n","protected":false},"excerpt":{"rendered":"<p>PP polypropylene clips are used to join straps, which are utilized for bundling, stabilizing, and securing goods during transport. PP clips protect straps from breaking and maintain their proper tension. PP clips can be used for goods weighing up to 50 kg. Pack of 1000 pieces.<\/p>\n","protected":false},"featured_media":956,"comment_status":"open","ping_status":"closed","template":"","meta":{"inline_featured_image":false},"product_brand":[],"product_cat":[34],"product_tag":[],"class_list":{"0":"post-622","1":"product","2":"type-product","3":"status-publish","4":"has-post-thumbnail","6":"product_cat-mounting-accessories-other","8":"first","9":"instock","10":"taxable","11":"shipping-taxable","12":"purchasable","13":"product-type-simple"},"yoast_head":"<!-- This site is optimized with the Yoast SEO plugin v27.2 - https:\/\/yoast.com\/product\/yoast-seo-wordpress\/ -->\n<title>PP Strap Clips - Przetw\u00f3rstwo Tworzyw Sztucznych<\/title>\n<meta name=\"description\" content=\"PP Strap Clips \u2013 sprawd\u017a ofert\u0119 element\u00f3w instalacyjnych PTS. Produkty z wysokiej jako\u015bci materia\u0142\u00f3w, trwa\u0142e i przeznaczone do instalacji wodnych oraz hydraulicznych.\" \/>\n<meta name=\"robots\" content=\"index, follow, max-snippet:-1, max-image-preview:large, max-video-preview:-1\" \/>\n<link rel=\"canonical\" href=\"https:\/\/pts.dfirma.pl\/en\/produkt\/zapinki-do-tasm-pp\/\" \/>\n<meta property=\"og:locale\" content=\"en_US\" \/>\n<meta property=\"og:type\" content=\"article\" \/>\n<meta property=\"og:title\" content=\"PP Strap Clips - Przetw\u00f3rstwo Tworzyw Sztucznych\" \/>\n<meta property=\"og:description\" content=\"PP Strap Clips \u2013 sprawd\u017a ofert\u0119 element\u00f3w instalacyjnych PTS. Produkty z wysokiej jako\u015bci materia\u0142\u00f3w, trwa\u0142e i przeznaczone do instalacji wodnych oraz hydraulicznych.\" \/>\n<meta property=\"og:url\" content=\"https:\/\/pts.dfirma.pl\/en\/produkt\/zapinki-do-tasm-pp\/\" \/>\n<meta property=\"og:site_name\" content=\"Przetw\u00f3rstwo Tworzyw Sztucznych\" \/>\n<meta property=\"article:modified_time\" content=\"2026-03-06T10:33:06+00:00\" \/>\n<meta property=\"og:image\" content=\"https:\/\/pts.dfirma.pl\/wp-content\/uploads\/2024\/11\/zapinki-do-tasm-pp-16mm-biale.webp.png\" \/>\n\t<meta property=\"og:image:width\" content=\"1024\" \/>\n\t<meta property=\"og:image:height\" content=\"1024\" \/>\n\t<meta property=\"og:image:type\" content=\"image\/png\" \/>\n<meta name=\"twitter:card\" content=\"summary_large_image\" \/>\n<script type=\"application\/ld+json\" class=\"yoast-schema-graph\">{\"@context\":\"https:\/\/schema.org\",\"@graph\":[{\"@type\":\"WebPage\",\"@id\":\"https:\/\/pts.dfirma.pl\/en\/produkt\/zapinki-do-tasm-pp\/\",\"url\":\"https:\/\/pts.dfirma.pl\/en\/produkt\/zapinki-do-tasm-pp\/\",\"name\":\"PP Strap Clips - Przetw\u00f3rstwo Tworzyw Sztucznych\",\"isPartOf\":{\"@id\":\"https:\/\/pts.dfirma.pl\/#website\"},\"primaryImageOfPage\":{\"@id\":\"https:\/\/pts.dfirma.pl\/en\/produkt\/zapinki-do-tasm-pp\/#primaryimage\"},\"image\":{\"@id\":\"https:\/\/pts.dfirma.pl\/en\/produkt\/zapinki-do-tasm-pp\/#primaryimage\"},\"thumbnailUrl\":\"https:\/\/pts.dfirma.pl\/wp-content\/uploads\/2024\/11\/zapinki-do-tasm-pp-16mm-biale.webp.png\",\"datePublished\":\"2024-11-13T21:47:53+00:00\",\"dateModified\":\"2026-03-06T10:33:06+00:00\",\"description\":\"PP Strap Clips \u2013 sprawd\u017a ofert\u0119 element\u00f3w instalacyjnych PTS. Produkty z wysokiej jako\u015bci materia\u0142\u00f3w, trwa\u0142e i przeznaczone do instalacji wodnych oraz hydraulicznych.\",\"breadcrumb\":{\"@id\":\"https:\/\/pts.dfirma.pl\/en\/produkt\/zapinki-do-tasm-pp\/#breadcrumb\"},\"inLanguage\":\"en-US\",\"potentialAction\":[{\"@type\":\"ReadAction\",\"target\":[\"https:\/\/pts.dfirma.pl\/en\/produkt\/zapinki-do-tasm-pp\/\"]}]},{\"@type\":\"ImageObject\",\"inLanguage\":\"en-US\",\"@id\":\"https:\/\/pts.dfirma.pl\/en\/produkt\/zapinki-do-tasm-pp\/#primaryimage\",\"url\":\"https:\/\/pts.dfirma.pl\/wp-content\/uploads\/2024\/11\/zapinki-do-tasm-pp-16mm-biale.webp.png\",\"contentUrl\":\"https:\/\/pts.dfirma.pl\/wp-content\/uploads\/2024\/11\/zapinki-do-tasm-pp-16mm-biale.webp.png\",\"width\":1024,\"height\":1024,\"caption\":\"Zapinki do ta\u015bm PP 16 mm do zabezpieczania paczek i palet\"},{\"@type\":\"BreadcrumbList\",\"@id\":\"https:\/\/pts.dfirma.pl\/en\/produkt\/zapinki-do-tasm-pp\/#breadcrumb\",\"itemListElement\":[{\"@type\":\"ListItem\",\"position\":1,\"name\":\"Strona g\u0142\u00f3wna\",\"item\":\"https:\/\/pts.dfirma.pl\/en\/\"},{\"@type\":\"ListItem\",\"position\":2,\"name\":\"Shop\",\"item\":\"https:\/\/pts.dfirma.pl\/en\/shop\/\"},{\"@type\":\"ListItem\",\"position\":3,\"name\":\"PP Strap Clips\"}]},{\"@type\":\"WebSite\",\"@id\":\"https:\/\/pts.dfirma.pl\/#website\",\"url\":\"https:\/\/pts.dfirma.pl\/\",\"name\":\"Przetw\u00f3rstwo Tworzyw Sztucznych\",\"description\":\"Osprz\u0119t elektroinstalacyjny\",\"publisher\":{\"@id\":\"https:\/\/pts.dfirma.pl\/#organization\"},\"potentialAction\":[{\"@type\":\"SearchAction\",\"target\":{\"@type\":\"EntryPoint\",\"urlTemplate\":\"https:\/\/pts.dfirma.pl\/?s={search_term_string}\"},\"query-input\":{\"@type\":\"PropertyValueSpecification\",\"valueRequired\":true,\"valueName\":\"search_term_string\"}}],\"inLanguage\":\"en-US\"},{\"@type\":\"Organization\",\"@id\":\"https:\/\/pts.dfirma.pl\/#organization\",\"name\":\"Przetw\u00f3rstwo Tworzyw Sztucznych\",\"url\":\"https:\/\/pts.dfirma.pl\/\",\"logo\":{\"@type\":\"ImageObject\",\"inLanguage\":\"en-US\",\"@id\":\"https:\/\/pts.dfirma.pl\/#\/schema\/logo\/image\/\",\"url\":\"https:\/\/pts.dfirma.pl\/wp-content\/uploads\/2025\/02\/logo_PTS-2.svg\",\"contentUrl\":\"https:\/\/pts.dfirma.pl\/wp-content\/uploads\/2025\/02\/logo_PTS-2.svg\",\"width\":839,\"height\":487,\"caption\":\"Przetw\u00f3rstwo Tworzyw Sztucznych\"},\"image\":{\"@id\":\"https:\/\/pts.dfirma.pl\/#\/schema\/logo\/image\/\"}}]}<\/script>\n<!-- \/ Yoast SEO plugin. -->","yoast_head_json":{"title":"PP Strap Clips - Przetw\u00f3rstwo Tworzyw Sztucznych","description":"PP Strap Clips \u2013 sprawd\u017a ofert\u0119 element\u00f3w instalacyjnych PTS. Produkty z wysokiej jako\u015bci materia\u0142\u00f3w, trwa\u0142e i przeznaczone do instalacji wodnych oraz hydraulicznych.","robots":{"index":"index","follow":"follow","max-snippet":"max-snippet:-1","max-image-preview":"max-image-preview:large","max-video-preview":"max-video-preview:-1"},"canonical":"https:\/\/pts.dfirma.pl\/en\/produkt\/zapinki-do-tasm-pp\/","og_locale":"en_US","og_type":"article","og_title":"PP Strap Clips - Przetw\u00f3rstwo Tworzyw Sztucznych","og_description":"PP Strap Clips \u2013 sprawd\u017a ofert\u0119 element\u00f3w instalacyjnych PTS. Produkty z wysokiej jako\u015bci materia\u0142\u00f3w, trwa\u0142e i przeznaczone do instalacji wodnych oraz hydraulicznych.","og_url":"https:\/\/pts.dfirma.pl\/en\/produkt\/zapinki-do-tasm-pp\/","og_site_name":"Przetw\u00f3rstwo Tworzyw Sztucznych","article_modified_time":"2026-03-06T10:33:06+00:00","og_image":[{"width":1024,"height":1024,"url":"https:\/\/pts.dfirma.pl\/wp-content\/uploads\/2024\/11\/zapinki-do-tasm-pp-16mm-biale.webp.png","type":"image\/png"}],"twitter_card":"summary_large_image","schema":{"@context":"https:\/\/schema.org","@graph":[{"@type":"WebPage","@id":"https:\/\/pts.dfirma.pl\/en\/produkt\/zapinki-do-tasm-pp\/","url":"https:\/\/pts.dfirma.pl\/en\/produkt\/zapinki-do-tasm-pp\/","name":"PP Strap Clips - Przetw\u00f3rstwo Tworzyw Sztucznych","isPartOf":{"@id":"https:\/\/pts.dfirma.pl\/#website"},"primaryImageOfPage":{"@id":"https:\/\/pts.dfirma.pl\/en\/produkt\/zapinki-do-tasm-pp\/#primaryimage"},"image":{"@id":"https:\/\/pts.dfirma.pl\/en\/produkt\/zapinki-do-tasm-pp\/#primaryimage"},"thumbnailUrl":"https:\/\/pts.dfirma.pl\/wp-content\/uploads\/2024\/11\/zapinki-do-tasm-pp-16mm-biale.webp.png","datePublished":"2024-11-13T21:47:53+00:00","dateModified":"2026-03-06T10:33:06+00:00","description":"PP Strap Clips \u2013 sprawd\u017a ofert\u0119 element\u00f3w instalacyjnych PTS. Produkty z wysokiej jako\u015bci materia\u0142\u00f3w, trwa\u0142e i przeznaczone do instalacji wodnych oraz hydraulicznych.","breadcrumb":{"@id":"https:\/\/pts.dfirma.pl\/en\/produkt\/zapinki-do-tasm-pp\/#breadcrumb"},"inLanguage":"en-US","potentialAction":[{"@type":"ReadAction","target":["https:\/\/pts.dfirma.pl\/en\/produkt\/zapinki-do-tasm-pp\/"]}]},{"@type":"ImageObject","inLanguage":"en-US","@id":"https:\/\/pts.dfirma.pl\/en\/produkt\/zapinki-do-tasm-pp\/#primaryimage","url":"https:\/\/pts.dfirma.pl\/wp-content\/uploads\/2024\/11\/zapinki-do-tasm-pp-16mm-biale.webp.png","contentUrl":"https:\/\/pts.dfirma.pl\/wp-content\/uploads\/2024\/11\/zapinki-do-tasm-pp-16mm-biale.webp.png","width":1024,"height":1024,"caption":"Zapinki do ta\u015bm PP 16 mm do zabezpieczania paczek i palet"},{"@type":"BreadcrumbList","@id":"https:\/\/pts.dfirma.pl\/en\/produkt\/zapinki-do-tasm-pp\/#breadcrumb","itemListElement":[{"@type":"ListItem","position":1,"name":"Strona g\u0142\u00f3wna","item":"https:\/\/pts.dfirma.pl\/en\/"},{"@type":"ListItem","position":2,"name":"Shop","item":"https:\/\/pts.dfirma.pl\/en\/shop\/"},{"@type":"ListItem","position":3,"name":"PP Strap Clips"}]},{"@type":"WebSite","@id":"https:\/\/pts.dfirma.pl\/#website","url":"https:\/\/pts.dfirma.pl\/","name":"Przetw\u00f3rstwo Tworzyw Sztucznych","description":"Osprz\u0119t elektroinstalacyjny","publisher":{"@id":"https:\/\/pts.dfirma.pl\/#organization"},"potentialAction":[{"@type":"SearchAction","target":{"@type":"EntryPoint","urlTemplate":"https:\/\/pts.dfirma.pl\/?s={search_term_string}"},"query-input":{"@type":"PropertyValueSpecification","valueRequired":true,"valueName":"search_term_string"}}],"inLanguage":"en-US"},{"@type":"Organization","@id":"https:\/\/pts.dfirma.pl\/#organization","name":"Przetw\u00f3rstwo Tworzyw Sztucznych","url":"https:\/\/pts.dfirma.pl\/","logo":{"@type":"ImageObject","inLanguage":"en-US","@id":"https:\/\/pts.dfirma.pl\/#\/schema\/logo\/image\/","url":"https:\/\/pts.dfirma.pl\/wp-content\/uploads\/2025\/02\/logo_PTS-2.svg","contentUrl":"https:\/\/pts.dfirma.pl\/wp-content\/uploads\/2025\/02\/logo_PTS-2.svg","width":839,"height":487,"caption":"Przetw\u00f3rstwo Tworzyw Sztucznych"},"image":{"@id":"https:\/\/pts.dfirma.pl\/#\/schema\/logo\/image\/"}}]}},"_links":{"self":[{"href":"https:\/\/pts.dfirma.pl\/en\/wp-json\/wp\/v2\/product\/622","targetHints":{"allow":["GET"]}}],"collection":[{"href":"https:\/\/pts.dfirma.pl\/en\/wp-json\/wp\/v2\/product"}],"about":[{"href":"https:\/\/pts.dfirma.pl\/en\/wp-json\/wp\/v2\/types\/product"}],"replies":[{"embeddable":true,"href":"https:\/\/pts.dfirma.pl\/en\/wp-json\/wp\/v2\/comments?post=622"}],"wp:featuredmedia":[{"embeddable":true,"href":"https:\/\/pts.dfirma.pl\/en\/wp-json\/wp\/v2\/media\/956"}],"wp:attachment":[{"href":"https:\/\/pts.dfirma.pl\/en\/wp-json\/wp\/v2\/media?parent=622"}],"wp:term":[{"taxonomy":"product_brand","embeddable":true,"href":"https:\/\/pts.dfirma.pl\/en\/wp-json\/wp\/v2\/product_brand?post=622"},{"taxonomy":"product_cat","embeddable":true,"href":"https:\/\/pts.dfirma.pl\/en\/wp-json\/wp\/v2\/product_cat?post=622"},{"taxonomy":"product_tag","embeddable":true,"href":"https:\/\/pts.dfirma.pl\/en\/wp-json\/wp\/v2\/product_tag?post=622"}],"curies":[{"name":"wp","href":"https:\/\/api.w.org\/{rel}","templated":true}]}}