{"id":627,"date":"2024-11-13T22:45:22","date_gmt":"2024-11-13T21:45:22","guid":{"rendered":"https:\/\/pts.dfirma.pl\/produkt\/rura-rl\/"},"modified":"2026-03-06T11:35:42","modified_gmt":"2026-03-06T10:35:42","slug":"rura-rl","status":"publish","type":"product","link":"https:\/\/pts.dfirma.pl\/en\/produkt\/rura-rl\/","title":{"rendered":"RL Pipe"},"content":{"rendered":"<p>The RL electrical installation pipe is a rigid, smooth conduit designed for distributing and protecting cables in surface-mounted installations. It is made from PVC. RL pipes offer high strength, along with easy and rapid installation. The pipes are available in white and in 3 m lengths.<\/p>\n<p>Our offer includes the following RL pipes:<\/p>\n<ul>\n<li>RL-13<\/li>\n<li>RL-16<\/li>\n<li>RL-18<\/li>\n<li>RL-20<\/li>\n<li>RL-22<\/li>\n<li>RL-28<\/li>\n<li>RL-37<\/li>\n<li>RL-47<\/li>\n<\/ul>\n","protected":false},"excerpt":{"rendered":"<p>The RL electrical installation pipe is a rigid, smooth conduit designed for distributing and protecting cables in surface-mounted installations. It is made from PVC. RL pipes offer high strength, along with easy and rapid installation. The pipes are available in white and in 3 m lengths. Our offer includes the following RL pipes: RL-13 RL-16 [&hellip;]<\/p>\n","protected":false},"featured_media":628,"comment_status":"open","ping_status":"closed","template":"","meta":{"inline_featured_image":false},"product_brand":[],"product_cat":[33],"product_tag":[],"class_list":{"0":"post-627","1":"product","2":"type-product","3":"status-publish","4":"has-post-thumbnail","6":"product_cat-pipes","8":"first","9":"instock","10":"taxable","11":"shipping-taxable","12":"product-type-simple"},"yoast_head":"<!-- This site is optimized with the Yoast SEO plugin v27.2 - https:\/\/yoast.com\/product\/yoast-seo-wordpress\/ -->\n<title>RL Pipe - Przetw\u00f3rstwo Tworzyw Sztucznych<\/title>\n<meta name=\"description\" content=\"RL Pipe \u2013 sprawd\u017a ofert\u0119 element\u00f3w instalacyjnych PTS. Produkty z wysokiej jako\u015bci materia\u0142\u00f3w, trwa\u0142e i przeznaczone do instalacji wodnych oraz hydraulicznych.\" \/>\n<meta name=\"robots\" content=\"index, follow, max-snippet:-1, max-image-preview:large, max-video-preview:-1\" \/>\n<link rel=\"canonical\" href=\"https:\/\/pts.dfirma.pl\/en\/produkt\/rura-rl\/\" \/>\n<meta property=\"og:locale\" content=\"en_US\" \/>\n<meta property=\"og:type\" content=\"article\" \/>\n<meta property=\"og:title\" content=\"RL Pipe - Przetw\u00f3rstwo Tworzyw Sztucznych\" \/>\n<meta property=\"og:description\" content=\"RL Pipe \u2013 sprawd\u017a ofert\u0119 element\u00f3w instalacyjnych PTS. Produkty z wysokiej jako\u015bci materia\u0142\u00f3w, trwa\u0142e i przeznaczone do instalacji wodnych oraz hydraulicznych.\" \/>\n<meta property=\"og:url\" content=\"https:\/\/pts.dfirma.pl\/en\/produkt\/rura-rl\/\" \/>\n<meta property=\"og:site_name\" content=\"Przetw\u00f3rstwo Tworzyw Sztucznych\" \/>\n<meta property=\"article:modified_time\" content=\"2026-03-06T10:35:42+00:00\" \/>\n<meta property=\"og:image\" content=\"https:\/\/pts.dfirma.pl\/wp-content\/uploads\/2024\/11\/348922-c5f4-750x0-sc1x16582_rurki-instalacyjne-m1z3oquc.jpg\" \/>\n\t<meta property=\"og:image:width\" content=\"750\" \/>\n\t<meta property=\"og:image:height\" content=\"643\" \/>\n\t<meta property=\"og:image:type\" content=\"image\/jpeg\" \/>\n<meta name=\"twitter:card\" content=\"summary_large_image\" \/>\n<script type=\"application\/ld+json\" class=\"yoast-schema-graph\">{\"@context\":\"https:\/\/schema.org\",\"@graph\":[{\"@type\":\"WebPage\",\"@id\":\"https:\/\/pts.dfirma.pl\/en\/produkt\/rura-rl\/\",\"url\":\"https:\/\/pts.dfirma.pl\/en\/produkt\/rura-rl\/\",\"name\":\"RL Pipe - Przetw\u00f3rstwo Tworzyw Sztucznych\",\"isPartOf\":{\"@id\":\"https:\/\/pts.dfirma.pl\/#website\"},\"primaryImageOfPage\":{\"@id\":\"https:\/\/pts.dfirma.pl\/en\/produkt\/rura-rl\/#primaryimage\"},\"image\":{\"@id\":\"https:\/\/pts.dfirma.pl\/en\/produkt\/rura-rl\/#primaryimage\"},\"thumbnailUrl\":\"https:\/\/pts.dfirma.pl\/wp-content\/uploads\/2024\/11\/348922-c5f4-750x0-sc1x16582_rurki-instalacyjne-m1z3oquc.jpg\",\"datePublished\":\"2024-11-13T21:45:22+00:00\",\"dateModified\":\"2026-03-06T10:35:42+00:00\",\"description\":\"RL Pipe \u2013 sprawd\u017a ofert\u0119 element\u00f3w instalacyjnych PTS. Produkty z wysokiej jako\u015bci materia\u0142\u00f3w, trwa\u0142e i przeznaczone do instalacji wodnych oraz hydraulicznych.\",\"breadcrumb\":{\"@id\":\"https:\/\/pts.dfirma.pl\/en\/produkt\/rura-rl\/#breadcrumb\"},\"inLanguage\":\"en-US\",\"potentialAction\":[{\"@type\":\"ReadAction\",\"target\":[\"https:\/\/pts.dfirma.pl\/en\/produkt\/rura-rl\/\"]}]},{\"@type\":\"ImageObject\",\"inLanguage\":\"en-US\",\"@id\":\"https:\/\/pts.dfirma.pl\/en\/produkt\/rura-rl\/#primaryimage\",\"url\":\"https:\/\/pts.dfirma.pl\/wp-content\/uploads\/2024\/11\/348922-c5f4-750x0-sc1x16582_rurki-instalacyjne-m1z3oquc.jpg\",\"contentUrl\":\"https:\/\/pts.dfirma.pl\/wp-content\/uploads\/2024\/11\/348922-c5f4-750x0-sc1x16582_rurki-instalacyjne-m1z3oquc.jpg\",\"width\":750,\"height\":643},{\"@type\":\"BreadcrumbList\",\"@id\":\"https:\/\/pts.dfirma.pl\/en\/produkt\/rura-rl\/#breadcrumb\",\"itemListElement\":[{\"@type\":\"ListItem\",\"position\":1,\"name\":\"Strona g\u0142\u00f3wna\",\"item\":\"https:\/\/pts.dfirma.pl\/en\/\"},{\"@type\":\"ListItem\",\"position\":2,\"name\":\"Shop\",\"item\":\"https:\/\/pts.dfirma.pl\/en\/shop\/\"},{\"@type\":\"ListItem\",\"position\":3,\"name\":\"RL Pipe\"}]},{\"@type\":\"WebSite\",\"@id\":\"https:\/\/pts.dfirma.pl\/#website\",\"url\":\"https:\/\/pts.dfirma.pl\/\",\"name\":\"Przetw\u00f3rstwo Tworzyw Sztucznych\",\"description\":\"Osprz\u0119t elektroinstalacyjny\",\"publisher\":{\"@id\":\"https:\/\/pts.dfirma.pl\/#organization\"},\"potentialAction\":[{\"@type\":\"SearchAction\",\"target\":{\"@type\":\"EntryPoint\",\"urlTemplate\":\"https:\/\/pts.dfirma.pl\/?s={search_term_string}\"},\"query-input\":{\"@type\":\"PropertyValueSpecification\",\"valueRequired\":true,\"valueName\":\"search_term_string\"}}],\"inLanguage\":\"en-US\"},{\"@type\":\"Organization\",\"@id\":\"https:\/\/pts.dfirma.pl\/#organization\",\"name\":\"Przetw\u00f3rstwo Tworzyw Sztucznych\",\"url\":\"https:\/\/pts.dfirma.pl\/\",\"logo\":{\"@type\":\"ImageObject\",\"inLanguage\":\"en-US\",\"@id\":\"https:\/\/pts.dfirma.pl\/#\/schema\/logo\/image\/\",\"url\":\"https:\/\/pts.dfirma.pl\/wp-content\/uploads\/2025\/02\/logo_PTS-2.svg\",\"contentUrl\":\"https:\/\/pts.dfirma.pl\/wp-content\/uploads\/2025\/02\/logo_PTS-2.svg\",\"width\":839,\"height\":487,\"caption\":\"Przetw\u00f3rstwo Tworzyw Sztucznych\"},\"image\":{\"@id\":\"https:\/\/pts.dfirma.pl\/#\/schema\/logo\/image\/\"}}]}<\/script>\n<!-- \/ Yoast SEO plugin. -->","yoast_head_json":{"title":"RL Pipe - Przetw\u00f3rstwo Tworzyw Sztucznych","description":"RL Pipe \u2013 sprawd\u017a ofert\u0119 element\u00f3w instalacyjnych PTS. Produkty z wysokiej jako\u015bci materia\u0142\u00f3w, trwa\u0142e i przeznaczone do instalacji wodnych oraz hydraulicznych.","robots":{"index":"index","follow":"follow","max-snippet":"max-snippet:-1","max-image-preview":"max-image-preview:large","max-video-preview":"max-video-preview:-1"},"canonical":"https:\/\/pts.dfirma.pl\/en\/produkt\/rura-rl\/","og_locale":"en_US","og_type":"article","og_title":"RL Pipe - Przetw\u00f3rstwo Tworzyw Sztucznych","og_description":"RL Pipe \u2013 sprawd\u017a ofert\u0119 element\u00f3w instalacyjnych PTS. Produkty z wysokiej jako\u015bci materia\u0142\u00f3w, trwa\u0142e i przeznaczone do instalacji wodnych oraz hydraulicznych.","og_url":"https:\/\/pts.dfirma.pl\/en\/produkt\/rura-rl\/","og_site_name":"Przetw\u00f3rstwo Tworzyw Sztucznych","article_modified_time":"2026-03-06T10:35:42+00:00","og_image":[{"width":750,"height":643,"url":"https:\/\/pts.dfirma.pl\/wp-content\/uploads\/2024\/11\/348922-c5f4-750x0-sc1x16582_rurki-instalacyjne-m1z3oquc.jpg","type":"image\/jpeg"}],"twitter_card":"summary_large_image","schema":{"@context":"https:\/\/schema.org","@graph":[{"@type":"WebPage","@id":"https:\/\/pts.dfirma.pl\/en\/produkt\/rura-rl\/","url":"https:\/\/pts.dfirma.pl\/en\/produkt\/rura-rl\/","name":"RL Pipe - Przetw\u00f3rstwo Tworzyw Sztucznych","isPartOf":{"@id":"https:\/\/pts.dfirma.pl\/#website"},"primaryImageOfPage":{"@id":"https:\/\/pts.dfirma.pl\/en\/produkt\/rura-rl\/#primaryimage"},"image":{"@id":"https:\/\/pts.dfirma.pl\/en\/produkt\/rura-rl\/#primaryimage"},"thumbnailUrl":"https:\/\/pts.dfirma.pl\/wp-content\/uploads\/2024\/11\/348922-c5f4-750x0-sc1x16582_rurki-instalacyjne-m1z3oquc.jpg","datePublished":"2024-11-13T21:45:22+00:00","dateModified":"2026-03-06T10:35:42+00:00","description":"RL Pipe \u2013 sprawd\u017a ofert\u0119 element\u00f3w instalacyjnych PTS. Produkty z wysokiej jako\u015bci materia\u0142\u00f3w, trwa\u0142e i przeznaczone do instalacji wodnych oraz hydraulicznych.","breadcrumb":{"@id":"https:\/\/pts.dfirma.pl\/en\/produkt\/rura-rl\/#breadcrumb"},"inLanguage":"en-US","potentialAction":[{"@type":"ReadAction","target":["https:\/\/pts.dfirma.pl\/en\/produkt\/rura-rl\/"]}]},{"@type":"ImageObject","inLanguage":"en-US","@id":"https:\/\/pts.dfirma.pl\/en\/produkt\/rura-rl\/#primaryimage","url":"https:\/\/pts.dfirma.pl\/wp-content\/uploads\/2024\/11\/348922-c5f4-750x0-sc1x16582_rurki-instalacyjne-m1z3oquc.jpg","contentUrl":"https:\/\/pts.dfirma.pl\/wp-content\/uploads\/2024\/11\/348922-c5f4-750x0-sc1x16582_rurki-instalacyjne-m1z3oquc.jpg","width":750,"height":643},{"@type":"BreadcrumbList","@id":"https:\/\/pts.dfirma.pl\/en\/produkt\/rura-rl\/#breadcrumb","itemListElement":[{"@type":"ListItem","position":1,"name":"Strona g\u0142\u00f3wna","item":"https:\/\/pts.dfirma.pl\/en\/"},{"@type":"ListItem","position":2,"name":"Shop","item":"https:\/\/pts.dfirma.pl\/en\/shop\/"},{"@type":"ListItem","position":3,"name":"RL Pipe"}]},{"@type":"WebSite","@id":"https:\/\/pts.dfirma.pl\/#website","url":"https:\/\/pts.dfirma.pl\/","name":"Przetw\u00f3rstwo Tworzyw Sztucznych","description":"Osprz\u0119t elektroinstalacyjny","publisher":{"@id":"https:\/\/pts.dfirma.pl\/#organization"},"potentialAction":[{"@type":"SearchAction","target":{"@type":"EntryPoint","urlTemplate":"https:\/\/pts.dfirma.pl\/?s={search_term_string}"},"query-input":{"@type":"PropertyValueSpecification","valueRequired":true,"valueName":"search_term_string"}}],"inLanguage":"en-US"},{"@type":"Organization","@id":"https:\/\/pts.dfirma.pl\/#organization","name":"Przetw\u00f3rstwo Tworzyw Sztucznych","url":"https:\/\/pts.dfirma.pl\/","logo":{"@type":"ImageObject","inLanguage":"en-US","@id":"https:\/\/pts.dfirma.pl\/#\/schema\/logo\/image\/","url":"https:\/\/pts.dfirma.pl\/wp-content\/uploads\/2025\/02\/logo_PTS-2.svg","contentUrl":"https:\/\/pts.dfirma.pl\/wp-content\/uploads\/2025\/02\/logo_PTS-2.svg","width":839,"height":487,"caption":"Przetw\u00f3rstwo Tworzyw Sztucznych"},"image":{"@id":"https:\/\/pts.dfirma.pl\/#\/schema\/logo\/image\/"}}]}},"_links":{"self":[{"href":"https:\/\/pts.dfirma.pl\/en\/wp-json\/wp\/v2\/product\/627","targetHints":{"allow":["GET"]}}],"collection":[{"href":"https:\/\/pts.dfirma.pl\/en\/wp-json\/wp\/v2\/product"}],"about":[{"href":"https:\/\/pts.dfirma.pl\/en\/wp-json\/wp\/v2\/types\/product"}],"replies":[{"embeddable":true,"href":"https:\/\/pts.dfirma.pl\/en\/wp-json\/wp\/v2\/comments?post=627"}],"wp:featuredmedia":[{"embeddable":true,"href":"https:\/\/pts.dfirma.pl\/en\/wp-json\/wp\/v2\/media\/628"}],"wp:attachment":[{"href":"https:\/\/pts.dfirma.pl\/en\/wp-json\/wp\/v2\/media?parent=627"}],"wp:term":[{"taxonomy":"product_brand","embeddable":true,"href":"https:\/\/pts.dfirma.pl\/en\/wp-json\/wp\/v2\/product_brand?post=627"},{"taxonomy":"product_cat","embeddable":true,"href":"https:\/\/pts.dfirma.pl\/en\/wp-json\/wp\/v2\/product_cat?post=627"},{"taxonomy":"product_tag","embeddable":true,"href":"https:\/\/pts.dfirma.pl\/en\/wp-json\/wp\/v2\/product_tag?post=627"}],"curies":[{"name":"wp","href":"https:\/\/api.w.org\/{rel}","templated":true}]}}