{"id":714,"date":"2026-01-10T09:57:00","date_gmt":"2026-01-10T08:57:00","guid":{"rendered":"https:\/\/pts.dfirma.pl\/produkt\/uszczeliki-gumowe-1-2\/"},"modified":"2026-03-06T11:48:14","modified_gmt":"2026-03-06T10:48:14","slug":"uszczeliki-gumowe-1-2","status":"publish","type":"product","link":"https:\/\/pts.dfirma.pl\/en\/produkt\/uszczeliki-gumowe-1-2\/","title":{"rendered":"Rubber seals 1\/2&#8243;"},"content":{"rendered":"<p><b>Flat rubber gasket \u00a0 <\/b>used in leak test plugs and other 3\/4&#8243; water and sewage installations. The gasket is made of elastomer (EPDM) approved for use in drinking water installations. The gasket has the following dimensions: outer\/inner diameter &#8211; 27,5\/20 mm, thickness &#8211; 3 mm., available in black.<\/p>\n","protected":false},"excerpt":{"rendered":"<p>Flat rubber gasket \u00a0 used in leak test plugs and other 3\/4&#8243; water and sewage installations. The gasket is made of elastomer (EPDM) approved for use in drinking water installations. The gasket has the following dimensions: outer\/inner diameter &#8211; 27,5\/20 mm, thickness &#8211; 3 mm., available in black.<\/p>\n","protected":false},"featured_media":794,"comment_status":"open","ping_status":"closed","template":"","meta":{"inline_featured_image":false},"product_brand":[],"product_cat":[36],"product_tag":[],"class_list":{"0":"post-714","1":"product","2":"type-product","3":"status-publish","4":"has-post-thumbnail","6":"product_cat-hydraulics-leak-tests","8":"first","9":"instock","10":"taxable","11":"shipping-taxable","12":"purchasable","13":"product-type-variable"},"yoast_head":"<!-- This site is optimized with the Yoast SEO plugin v27.2 - https:\/\/yoast.com\/product\/yoast-seo-wordpress\/ -->\n<title>Rubber seals 1\/2&quot; - Przetw\u00f3rstwo Tworzyw Sztucznych<\/title>\n<meta name=\"description\" content=\"Rubber seals 1\/2&quot; \u2013 sprawd\u017a ofert\u0119 element\u00f3w instalacyjnych PTS. Produkty z wysokiej jako\u015bci materia\u0142\u00f3w, trwa\u0142e i przeznaczone do instalacji wodnych oraz hydraulicznych.\" \/>\n<meta name=\"robots\" content=\"index, follow, max-snippet:-1, max-image-preview:large, max-video-preview:-1\" \/>\n<link rel=\"canonical\" href=\"https:\/\/pts.dfirma.pl\/en\/produkt\/uszczeliki-gumowe-1-2\/\" \/>\n<meta property=\"og:locale\" content=\"en_US\" \/>\n<meta property=\"og:type\" content=\"article\" \/>\n<meta property=\"og:title\" content=\"Rubber seals 1\/2&quot; - Przetw\u00f3rstwo Tworzyw Sztucznych\" \/>\n<meta property=\"og:description\" content=\"Rubber seals 1\/2&quot; \u2013 sprawd\u017a ofert\u0119 element\u00f3w instalacyjnych PTS. Produkty z wysokiej jako\u015bci materia\u0142\u00f3w, trwa\u0142e i przeznaczone do instalacji wodnych oraz hydraulicznych.\" \/>\n<meta property=\"og:url\" content=\"https:\/\/pts.dfirma.pl\/en\/produkt\/uszczeliki-gumowe-1-2\/\" \/>\n<meta property=\"og:site_name\" content=\"Przetw\u00f3rstwo Tworzyw Sztucznych\" \/>\n<meta property=\"article:modified_time\" content=\"2026-03-06T10:48:14+00:00\" \/>\n<meta property=\"og:image\" content=\"https:\/\/pts.dfirma.pl\/wp-content\/uploads\/2026\/01\/uszczelka-gumowa-plaska-1-2-epdm_1.jpg.png\" \/>\n\t<meta property=\"og:image:width\" content=\"1536\" \/>\n\t<meta property=\"og:image:height\" content=\"1024\" \/>\n\t<meta property=\"og:image:type\" content=\"image\/png\" \/>\n<meta name=\"twitter:card\" content=\"summary_large_image\" \/>\n<script type=\"application\/ld+json\" class=\"yoast-schema-graph\">{\"@context\":\"https:\/\/schema.org\",\"@graph\":[{\"@type\":\"WebPage\",\"@id\":\"https:\/\/pts.dfirma.pl\/en\/produkt\/uszczeliki-gumowe-1-2\/\",\"url\":\"https:\/\/pts.dfirma.pl\/en\/produkt\/uszczeliki-gumowe-1-2\/\",\"name\":\"Rubber seals 1\/2\\\" - Przetw\u00f3rstwo Tworzyw Sztucznych\",\"isPartOf\":{\"@id\":\"https:\/\/pts.dfirma.pl\/#website\"},\"primaryImageOfPage\":{\"@id\":\"https:\/\/pts.dfirma.pl\/en\/produkt\/uszczeliki-gumowe-1-2\/#primaryimage\"},\"image\":{\"@id\":\"https:\/\/pts.dfirma.pl\/en\/produkt\/uszczeliki-gumowe-1-2\/#primaryimage\"},\"thumbnailUrl\":\"https:\/\/pts.dfirma.pl\/wp-content\/uploads\/2026\/01\/uszczelka-gumowa-plaska-1-2-epdm_1.jpg.png\",\"datePublished\":\"2026-01-10T08:57:00+00:00\",\"dateModified\":\"2026-03-06T10:48:14+00:00\",\"description\":\"Rubber seals 1\/2\\\" \u2013 sprawd\u017a ofert\u0119 element\u00f3w instalacyjnych PTS. Produkty z wysokiej jako\u015bci materia\u0142\u00f3w, trwa\u0142e i przeznaczone do instalacji wodnych oraz hydraulicznych.\",\"breadcrumb\":{\"@id\":\"https:\/\/pts.dfirma.pl\/en\/produkt\/uszczeliki-gumowe-1-2\/#breadcrumb\"},\"inLanguage\":\"en-US\",\"potentialAction\":[{\"@type\":\"ReadAction\",\"target\":[\"https:\/\/pts.dfirma.pl\/en\/produkt\/uszczeliki-gumowe-1-2\/\"]}]},{\"@type\":\"ImageObject\",\"inLanguage\":\"en-US\",\"@id\":\"https:\/\/pts.dfirma.pl\/en\/produkt\/uszczeliki-gumowe-1-2\/#primaryimage\",\"url\":\"https:\/\/pts.dfirma.pl\/wp-content\/uploads\/2026\/01\/uszczelka-gumowa-plaska-1-2-epdm_1.jpg.png\",\"contentUrl\":\"https:\/\/pts.dfirma.pl\/wp-content\/uploads\/2026\/01\/uszczelka-gumowa-plaska-1-2-epdm_1.jpg.png\",\"width\":1536,\"height\":1024,\"caption\":\"Uszczelki gumowe p\u0142askie 1\/2 cala EPDM do instalacji wodnych\"},{\"@type\":\"BreadcrumbList\",\"@id\":\"https:\/\/pts.dfirma.pl\/en\/produkt\/uszczeliki-gumowe-1-2\/#breadcrumb\",\"itemListElement\":[{\"@type\":\"ListItem\",\"position\":1,\"name\":\"Strona g\u0142\u00f3wna\",\"item\":\"https:\/\/pts.dfirma.pl\/en\/\"},{\"@type\":\"ListItem\",\"position\":2,\"name\":\"Shop\",\"item\":\"https:\/\/pts.dfirma.pl\/en\/shop\/\"},{\"@type\":\"ListItem\",\"position\":3,\"name\":\"Rubber seals 1\/2&#8243;\"}]},{\"@type\":\"WebSite\",\"@id\":\"https:\/\/pts.dfirma.pl\/#website\",\"url\":\"https:\/\/pts.dfirma.pl\/\",\"name\":\"Przetw\u00f3rstwo Tworzyw Sztucznych\",\"description\":\"Osprz\u0119t elektroinstalacyjny\",\"publisher\":{\"@id\":\"https:\/\/pts.dfirma.pl\/#organization\"},\"potentialAction\":[{\"@type\":\"SearchAction\",\"target\":{\"@type\":\"EntryPoint\",\"urlTemplate\":\"https:\/\/pts.dfirma.pl\/?s={search_term_string}\"},\"query-input\":{\"@type\":\"PropertyValueSpecification\",\"valueRequired\":true,\"valueName\":\"search_term_string\"}}],\"inLanguage\":\"en-US\"},{\"@type\":\"Organization\",\"@id\":\"https:\/\/pts.dfirma.pl\/#organization\",\"name\":\"Przetw\u00f3rstwo Tworzyw Sztucznych\",\"url\":\"https:\/\/pts.dfirma.pl\/\",\"logo\":{\"@type\":\"ImageObject\",\"inLanguage\":\"en-US\",\"@id\":\"https:\/\/pts.dfirma.pl\/#\/schema\/logo\/image\/\",\"url\":\"https:\/\/pts.dfirma.pl\/wp-content\/uploads\/2025\/02\/logo_PTS-2.svg\",\"contentUrl\":\"https:\/\/pts.dfirma.pl\/wp-content\/uploads\/2025\/02\/logo_PTS-2.svg\",\"width\":839,\"height\":487,\"caption\":\"Przetw\u00f3rstwo Tworzyw Sztucznych\"},\"image\":{\"@id\":\"https:\/\/pts.dfirma.pl\/#\/schema\/logo\/image\/\"}}]}<\/script>\n<!-- \/ Yoast SEO plugin. -->","yoast_head_json":{"title":"Rubber seals 1\/2\" - Przetw\u00f3rstwo Tworzyw Sztucznych","description":"Rubber seals 1\/2\" \u2013 sprawd\u017a ofert\u0119 element\u00f3w instalacyjnych PTS. Produkty z wysokiej jako\u015bci materia\u0142\u00f3w, trwa\u0142e i przeznaczone do instalacji wodnych oraz hydraulicznych.","robots":{"index":"index","follow":"follow","max-snippet":"max-snippet:-1","max-image-preview":"max-image-preview:large","max-video-preview":"max-video-preview:-1"},"canonical":"https:\/\/pts.dfirma.pl\/en\/produkt\/uszczeliki-gumowe-1-2\/","og_locale":"en_US","og_type":"article","og_title":"Rubber seals 1\/2\" - Przetw\u00f3rstwo Tworzyw Sztucznych","og_description":"Rubber seals 1\/2\" \u2013 sprawd\u017a ofert\u0119 element\u00f3w instalacyjnych PTS. Produkty z wysokiej jako\u015bci materia\u0142\u00f3w, trwa\u0142e i przeznaczone do instalacji wodnych oraz hydraulicznych.","og_url":"https:\/\/pts.dfirma.pl\/en\/produkt\/uszczeliki-gumowe-1-2\/","og_site_name":"Przetw\u00f3rstwo Tworzyw Sztucznych","article_modified_time":"2026-03-06T10:48:14+00:00","og_image":[{"width":1536,"height":1024,"url":"https:\/\/pts.dfirma.pl\/wp-content\/uploads\/2026\/01\/uszczelka-gumowa-plaska-1-2-epdm_1.jpg.png","type":"image\/png"}],"twitter_card":"summary_large_image","schema":{"@context":"https:\/\/schema.org","@graph":[{"@type":"WebPage","@id":"https:\/\/pts.dfirma.pl\/en\/produkt\/uszczeliki-gumowe-1-2\/","url":"https:\/\/pts.dfirma.pl\/en\/produkt\/uszczeliki-gumowe-1-2\/","name":"Rubber seals 1\/2\" - Przetw\u00f3rstwo Tworzyw Sztucznych","isPartOf":{"@id":"https:\/\/pts.dfirma.pl\/#website"},"primaryImageOfPage":{"@id":"https:\/\/pts.dfirma.pl\/en\/produkt\/uszczeliki-gumowe-1-2\/#primaryimage"},"image":{"@id":"https:\/\/pts.dfirma.pl\/en\/produkt\/uszczeliki-gumowe-1-2\/#primaryimage"},"thumbnailUrl":"https:\/\/pts.dfirma.pl\/wp-content\/uploads\/2026\/01\/uszczelka-gumowa-plaska-1-2-epdm_1.jpg.png","datePublished":"2026-01-10T08:57:00+00:00","dateModified":"2026-03-06T10:48:14+00:00","description":"Rubber seals 1\/2\" \u2013 sprawd\u017a ofert\u0119 element\u00f3w instalacyjnych PTS. Produkty z wysokiej jako\u015bci materia\u0142\u00f3w, trwa\u0142e i przeznaczone do instalacji wodnych oraz hydraulicznych.","breadcrumb":{"@id":"https:\/\/pts.dfirma.pl\/en\/produkt\/uszczeliki-gumowe-1-2\/#breadcrumb"},"inLanguage":"en-US","potentialAction":[{"@type":"ReadAction","target":["https:\/\/pts.dfirma.pl\/en\/produkt\/uszczeliki-gumowe-1-2\/"]}]},{"@type":"ImageObject","inLanguage":"en-US","@id":"https:\/\/pts.dfirma.pl\/en\/produkt\/uszczeliki-gumowe-1-2\/#primaryimage","url":"https:\/\/pts.dfirma.pl\/wp-content\/uploads\/2026\/01\/uszczelka-gumowa-plaska-1-2-epdm_1.jpg.png","contentUrl":"https:\/\/pts.dfirma.pl\/wp-content\/uploads\/2026\/01\/uszczelka-gumowa-plaska-1-2-epdm_1.jpg.png","width":1536,"height":1024,"caption":"Uszczelki gumowe p\u0142askie 1\/2 cala EPDM do instalacji wodnych"},{"@type":"BreadcrumbList","@id":"https:\/\/pts.dfirma.pl\/en\/produkt\/uszczeliki-gumowe-1-2\/#breadcrumb","itemListElement":[{"@type":"ListItem","position":1,"name":"Strona g\u0142\u00f3wna","item":"https:\/\/pts.dfirma.pl\/en\/"},{"@type":"ListItem","position":2,"name":"Shop","item":"https:\/\/pts.dfirma.pl\/en\/shop\/"},{"@type":"ListItem","position":3,"name":"Rubber seals 1\/2&#8243;"}]},{"@type":"WebSite","@id":"https:\/\/pts.dfirma.pl\/#website","url":"https:\/\/pts.dfirma.pl\/","name":"Przetw\u00f3rstwo Tworzyw Sztucznych","description":"Osprz\u0119t elektroinstalacyjny","publisher":{"@id":"https:\/\/pts.dfirma.pl\/#organization"},"potentialAction":[{"@type":"SearchAction","target":{"@type":"EntryPoint","urlTemplate":"https:\/\/pts.dfirma.pl\/?s={search_term_string}"},"query-input":{"@type":"PropertyValueSpecification","valueRequired":true,"valueName":"search_term_string"}}],"inLanguage":"en-US"},{"@type":"Organization","@id":"https:\/\/pts.dfirma.pl\/#organization","name":"Przetw\u00f3rstwo Tworzyw Sztucznych","url":"https:\/\/pts.dfirma.pl\/","logo":{"@type":"ImageObject","inLanguage":"en-US","@id":"https:\/\/pts.dfirma.pl\/#\/schema\/logo\/image\/","url":"https:\/\/pts.dfirma.pl\/wp-content\/uploads\/2025\/02\/logo_PTS-2.svg","contentUrl":"https:\/\/pts.dfirma.pl\/wp-content\/uploads\/2025\/02\/logo_PTS-2.svg","width":839,"height":487,"caption":"Przetw\u00f3rstwo Tworzyw Sztucznych"},"image":{"@id":"https:\/\/pts.dfirma.pl\/#\/schema\/logo\/image\/"}}]}},"_links":{"self":[{"href":"https:\/\/pts.dfirma.pl\/en\/wp-json\/wp\/v2\/product\/714","targetHints":{"allow":["GET"]}}],"collection":[{"href":"https:\/\/pts.dfirma.pl\/en\/wp-json\/wp\/v2\/product"}],"about":[{"href":"https:\/\/pts.dfirma.pl\/en\/wp-json\/wp\/v2\/types\/product"}],"replies":[{"embeddable":true,"href":"https:\/\/pts.dfirma.pl\/en\/wp-json\/wp\/v2\/comments?post=714"}],"wp:featuredmedia":[{"embeddable":true,"href":"https:\/\/pts.dfirma.pl\/en\/wp-json\/wp\/v2\/media\/794"}],"wp:attachment":[{"href":"https:\/\/pts.dfirma.pl\/en\/wp-json\/wp\/v2\/media?parent=714"}],"wp:term":[{"taxonomy":"product_brand","embeddable":true,"href":"https:\/\/pts.dfirma.pl\/en\/wp-json\/wp\/v2\/product_brand?post=714"},{"taxonomy":"product_cat","embeddable":true,"href":"https:\/\/pts.dfirma.pl\/en\/wp-json\/wp\/v2\/product_cat?post=714"},{"taxonomy":"product_tag","embeddable":true,"href":"https:\/\/pts.dfirma.pl\/en\/wp-json\/wp\/v2\/product_tag?post=714"}],"curies":[{"name":"wp","href":"https:\/\/api.w.org\/{rel}","templated":true}]}}